{"id":462,"date":"2025-04-01T11:36:37","date_gmt":"2025-04-01T09:36:37","guid":{"rendered":"https:\/\/percisio.tech\/?page_id=462"},"modified":"2025-04-23T13:50:47","modified_gmt":"2025-04-23T11:50:47","slug":"home-2","status":"publish","type":"page","link":"https:\/\/percisio.tech\/index.php\/fr\/home-2\/","title":{"rendered":"Home_fr"},"content":{"rendered":"\n<div class=\"wp-block-group alignfull has-contrast-background-color has-background has-global-padding is-layout-constrained wp-container-core-group-is-layout-23b1a4dc wp-block-group-is-layout-constrained wp-container-2 is-position-sticky\" style=\"padding-top:var(--wp--preset--spacing--30);padding-right:var(--wp--preset--spacing--30);padding-bottom:var(--wp--preset--spacing--30);padding-left:var(--wp--preset--spacing--30)\">\n<div class=\"wp-block-group alignwide is-content-justification-space-between is-layout-flex wp-container-core-group-is-layout-b2891da8 wp-block-group-is-layout-flex\">\n<div class=\"wp-block-group is-layout-flex wp-block-group-is-layout-flex\">\n<figure class=\"wp-block-image size-full is-resized\"><a href=\"https:\/\/percisio.tech\/index.php\/fr\/home-2\/\"><img loading=\"lazy\" decoding=\"async\" width=\"933\" height=\"267\" src=\"https:\/\/percisio.tech\/wp-content\/uploads\/2025\/04\/logo_PERCISIO.jpg\" alt=\"\" class=\"wp-image-495\" style=\"width:150px\" srcset=\"https:\/\/percisio.tech\/wp-content\/uploads\/2025\/04\/logo_PERCISIO.jpg 933w, https:\/\/percisio.tech\/wp-content\/uploads\/2025\/04\/logo_PERCISIO-300x86.jpg 300w, https:\/\/percisio.tech\/wp-content\/uploads\/2025\/04\/logo_PERCISIO-768x220.jpg 768w\" sizes=\"auto, (max-width: 933px) 100vw, 933px\" \/><\/a><\/figure>\n<\/div>\n\n\n<nav style=\"font-size:clamp(0.875rem, 0.875rem + ((1vw - 0.2rem) * 0.542), 1.2rem);\" class=\"has-text-color has-base-2-color is-responsive wp-block-navigation is-layout-flex wp-block-navigation-is-layout-flex\" aria-label=\"Header_fr\" \n\t\t data-wp-interactive=\"core\/navigation\" data-wp-context='{\"overlayOpenedBy\":{\"click\":false,\"hover\":false,\"focus\":false},\"type\":\"overlay\",\"roleAttribute\":\"\",\"ariaLabel\":\"Menu\"}'><button aria-haspopup=\"dialog\" aria-label=\"Ouvrir le menu\" class=\"wp-block-navigation__responsive-container-open\" \n\t\t\t\tdata-wp-on--click=\"actions.openMenuOnClick\"\n\t\t\t\tdata-wp-on--keydown=\"actions.handleMenuKeydown\"\n\t\t\t><svg width=\"24\" height=\"24\" xmlns=\"http:\/\/www.w3.org\/2000\/svg\" viewBox=\"0 0 24 24\" aria-hidden=\"true\" focusable=\"false\"><path d=\"M4 7.5h16v1.5H4z\"><\/path><path d=\"M4 15h16v1.5H4z\"><\/path><\/svg><\/button>\n\t\t\t\t<div class=\"wp-block-navigation__responsive-container\"  id=\"modal-1\" \n\t\t\t\tdata-wp-class--has-modal-open=\"state.isMenuOpen\"\n\t\t\t\tdata-wp-class--is-menu-open=\"state.isMenuOpen\"\n\t\t\t\tdata-wp-watch=\"callbacks.initMenu\"\n\t\t\t\tdata-wp-on--keydown=\"actions.handleMenuKeydown\"\n\t\t\t\tdata-wp-on--focusout=\"actions.handleMenuFocusout\"\n\t\t\t\ttabindex=\"-1\"\n\t\t\t>\n\t\t\t\t\t<div class=\"wp-block-navigation__responsive-close\" tabindex=\"-1\">\n\t\t\t\t\t\t<div class=\"wp-block-navigation__responsive-dialog\" \n\t\t\t\tdata-wp-bind--aria-modal=\"state.ariaModal\"\n\t\t\t\tdata-wp-bind--aria-label=\"state.ariaLabel\"\n\t\t\t\tdata-wp-bind--role=\"state.roleAttribute\"\n\t\t\t>\n\t\t\t\t\t\t\t<button aria-label=\"Fermer le menu\" class=\"wp-block-navigation__responsive-container-close\" \n\t\t\t\tdata-wp-on--click=\"actions.closeMenuOnClick\"\n\t\t\t><svg xmlns=\"http:\/\/www.w3.org\/2000\/svg\" viewBox=\"0 0 24 24\" width=\"24\" height=\"24\" aria-hidden=\"true\" focusable=\"false\"><path d=\"m13.06 12 6.47-6.47-1.06-1.06L12 10.94 5.53 4.47 4.47 5.53 10.94 12l-6.47 6.47 1.06 1.06L12 13.06l6.47 6.47 1.06-1.06L13.06 12Z\"><\/path><\/svg><\/button>\n\t\t\t\t\t\t\t<div class=\"wp-block-navigation__responsive-container-content\" \n\t\t\t\tdata-wp-watch=\"callbacks.focusFirstElement\"\n\t\t\t id=\"modal-1-content\">\n\t\t\t\t\t\t\t\t<ul style=\"font-size:clamp(0.875rem, 0.875rem + ((1vw - 0.2rem) * 0.542), 1.2rem);\" class=\"wp-block-navigation__container has-text-color has-base-2-color is-responsive wp-block-navigation\"><li style=\"font-size: clamp(0.875rem, 0.875rem + ((1vw - 0.2rem) * 0.542), 1.2rem);\" class=\" wp-block-navigation-item wp-block-navigation-link\"><a class=\"wp-block-navigation-item__content\"  href=\"https:\/\/percisio.tech\/index.php\/fr\/project_fr\/\"><span class=\"wp-block-navigation-item__label\">Projet<\/span><\/a><\/li><li style=\"font-size: clamp(0.875rem, 0.875rem + ((1vw - 0.2rem) * 0.542), 1.2rem);\" class=\" wp-block-navigation-item wp-block-navigation-link\"><a class=\"wp-block-navigation-item__content\"  href=\"https:\/\/percisio.tech\/index.php\/procedure_fr\/\"><span class=\"wp-block-navigation-item__label\">Proc\u00e9dure<\/span><\/a><\/li><li style=\"font-size: clamp(0.875rem, 0.875rem + ((1vw - 0.2rem) * 0.542), 1.2rem);\" class=\" wp-block-navigation-item wp-block-navigation-link\"><a class=\"wp-block-navigation-item__content\"  href=\"https:\/\/percisio.tech\/index.php\/fr\/technology_fr\/\"><span class=\"wp-block-navigation-item__label\">Technologie<\/span><\/a><\/li><li style=\"font-size: clamp(0.875rem, 0.875rem + ((1vw - 0.2rem) * 0.542), 1.2rem);\" class=\" wp-block-navigation-item wp-block-navigation-link\"><a class=\"wp-block-navigation-item__content\"  href=\"https:\/\/percisio.tech\/index.php\/fr\/video_fr\/\"><span class=\"wp-block-navigation-item__label\">Vid\u00e9os<\/span><\/a><\/li><li style=\"font-size: clamp(0.875rem, 0.875rem + ((1vw - 0.2rem) * 0.542), 1.2rem);\" class=\" wp-block-navigation-item wp-block-navigation-link\"><a class=\"wp-block-navigation-item__content\"  href=\"https:\/\/percisio.tech\/index.php\/fr\/documentation_fr\/\"><span class=\"wp-block-navigation-item__label\">Documentation<\/span><\/a><\/li><li style=\"font-size: clamp(0.875rem, 0.875rem + ((1vw - 0.2rem) * 0.542), 1.2rem);\" class=\" wp-block-navigation-item wp-block-navigation-link\"><a class=\"wp-block-navigation-item__content\"  href=\"https:\/\/percisio.tech\/index.php\/fr\/contact_fr\/\"><span class=\"wp-block-navigation-item__label\">Contact<\/span><\/a><\/li><\/ul>\n\t\t\t\t\t\t\t<\/div>\n\t\t\t\t\t\t<\/div>\n\t\t\t\t\t<\/div>\n\t\t\t\t<\/div><\/nav>\n\n\n<div class=\"wp-block-buttons is-layout-flex wp-block-buttons-is-layout-flex\">\n<div class=\"wp-block-button\"><a class=\"wp-block-button__link wp-element-button\" href=\"https:\/\/dicomweb.percisio.tech\" target=\"_blank\" rel=\"noreferrer noopener\">DicomWEB<\/a><\/div>\n<\/div>\n\n\n\n<figure class=\"wp-block-image size-large is-resized\"><a href=\"https:\/\/percisio.tech\/\"><img loading=\"lazy\" decoding=\"async\" width=\"1024\" height=\"614\" src=\"https:\/\/percisio.tech\/wp-content\/uploads\/2025\/04\/uk-1024x614.jpg\" alt=\"\" class=\"wp-image-501\" style=\"width:35px\" srcset=\"https:\/\/percisio.tech\/wp-content\/uploads\/2025\/04\/uk-1024x614.jpg 1024w, https:\/\/percisio.tech\/wp-content\/uploads\/2025\/04\/uk-300x180.jpg 300w, https:\/\/percisio.tech\/wp-content\/uploads\/2025\/04\/uk-768x461.jpg 768w, https:\/\/percisio.tech\/wp-content\/uploads\/2025\/04\/uk-1536x921.jpg 1536w, https:\/\/percisio.tech\/wp-content\/uploads\/2025\/04\/uk.jpg 2048w\" sizes=\"auto, (max-width: 1024px) 100vw, 1024px\" \/><\/a><\/figure>\n<\/div>\n<\/div>\n\n\n\n<div class=\"wp-block-group alignwide is-vertical is-layout-flex wp-container-core-group-is-layout-fe9cc265 wp-block-group-is-layout-flex\">\n<figure class=\"wp-block-image size-full is-resized\"><img loading=\"lazy\" decoding=\"async\" width=\"933\" height=\"267\" src=\"https:\/\/percisio.tech\/wp-content\/uploads\/2025\/03\/logo_PERCISIO-3.jpg\" alt=\"\" class=\"wp-image-186\" style=\"width:541px;height:auto\" srcset=\"https:\/\/percisio.tech\/wp-content\/uploads\/2025\/03\/logo_PERCISIO-3.jpg 933w, https:\/\/percisio.tech\/wp-content\/uploads\/2025\/03\/logo_PERCISIO-3-300x86.jpg 300w, https:\/\/percisio.tech\/wp-content\/uploads\/2025\/03\/logo_PERCISIO-3-768x220.jpg 768w\" sizes=\"auto, (max-width: 933px) 100vw, 933px\" \/><\/figure>\n\n\n\n<h2 class=\"wp-block-heading has-text-align-right has-base-color has-text-color has-link-color wp-elements-2d0c837b62019d8aa6a04c91c523e875\">&#8211; un nouveau standard pour la m\u00e9decine<\/h2>\n<\/div>\n\n\n\n<div style=\"height:20px\" aria-hidden=\"true\" class=\"wp-block-spacer\"><\/div>\n\n\n\n<div class=\"wp-block-columns alignwide is-layout-flex wp-container-core-columns-is-layout-28f84493 wp-block-columns-is-layout-flex\">\n<div class=\"wp-block-column is-vertically-aligned-center is-layout-flow wp-block-column-is-layout-flow\">\n<p class=\"mon-style-perso has-base-color has-contrast-3-background-color has-text-color has-background has-link-color wp-elements-c6ad449dd8197bfaaeef1d532607ae89\" style=\"border-radius:21px;font-size:clamp(0.984rem, 0.984rem + ((1vw - 0.2rem) * 0.86), 1.5rem);\">PERCISIO est un dispositif innovant con\u00e7u pour simplifier les gestes m\u00e9dicaux.<br>PERCISIO utilise la vision par ordinateur (Computer Vision) pour assister les praticiens dans diverses op\u00e9rations allant des contr\u00f4les aux interventions percutan\u00e9es telles que la biopsie, l\u2019infiltration, la ponction ou le drainage.<br>PERCISIO est compatible avec une large gamme d\u2019instruments, des sondes \u00e9chographiques \u00e0 tout type d\u2019aiguille clinique.<\/p>\n<\/div>\n\n\n\n<div class=\"wp-block-column is-vertically-aligned-center has-global-padding is-content-justification-center is-layout-constrained wp-block-column-is-layout-constrained\" style=\"flex-basis:466px\">\n<figure class=\"wp-block-image size-full\"><img loading=\"lazy\" decoding=\"async\" width=\"517\" height=\"296\" src=\"https:\/\/percisio.tech\/wp-content\/uploads\/2025\/03\/percisio_cam._reducedjpg-removebg-preview-1.png\" alt=\"\" class=\"wp-image-184\" style=\"object-fit:cover\" srcset=\"https:\/\/percisio.tech\/wp-content\/uploads\/2025\/03\/percisio_cam._reducedjpg-removebg-preview-1.png 517w, https:\/\/percisio.tech\/wp-content\/uploads\/2025\/03\/percisio_cam._reducedjpg-removebg-preview-1-300x172.png 300w\" sizes=\"auto, (max-width: 517px) 100vw, 517px\" \/><\/figure>\n<\/div>\n<\/div>\n\n\n\n<hr class=\"wp-block-separator has-alpha-channel-opacity\"\/>\n\n\n\n<div class=\"wp-block-columns alignwide is-layout-flex wp-container-core-columns-is-layout-28f84493 wp-block-columns-is-layout-flex\">\n<div class=\"wp-block-column is-layout-flow wp-block-column-is-layout-flow\" style=\"flex-basis:291px\">\n<div class=\"wp-block-group is-vertical is-content-justification-center is-layout-flex wp-container-core-group-is-layout-ce155fab wp-block-group-is-layout-flex\">\n<figure class=\"wp-block-image size-full\"><img loading=\"lazy\" decoding=\"async\" width=\"286\" height=\"456\" src=\"https:\/\/percisio.tech\/wp-content\/uploads\/2025\/03\/eleonore.png\" alt=\"\" class=\"wp-image-394\" style=\"object-fit:cover\" srcset=\"https:\/\/percisio.tech\/wp-content\/uploads\/2025\/03\/eleonore.png 286w, https:\/\/percisio.tech\/wp-content\/uploads\/2025\/03\/eleonore-188x300.png 188w\" sizes=\"auto, (max-width: 286px) 100vw, 286px\" \/><\/figure>\n<\/div>\n<\/div>\n\n\n\n<div class=\"wp-block-column is-vertically-aligned-center is-layout-flow wp-block-column-is-layout-flow\">\n<p class=\"mon-style-perso has-base-color has-contrast-3-background-color has-text-color has-background has-link-color wp-elements-64fd5a8dc014f2bad95b6b7cc2bddaa5\" style=\"border-radius:21px;font-size:clamp(0.984rem, 0.984rem + ((1vw - 0.2rem) * 0.86), 1.5rem);\">R\u00e9aliser un acte m\u00e9dical avec PERCISIO devient plus simple gr\u00e2ce \u00e0 son syst\u00e8me d\u2019assistance.<br>PERCISIO suit chaque instrument pendant les op\u00e9rations afin d&rsquo;aider le praticien dans des actes de m\u00e9decine interventionnelle ou non interventionnelle.<br>PERCISIO est l\u00e9ger, mobile et facile \u00e0 utiliser.<\/p>\n<\/div>\n<\/div>\n","protected":false},"excerpt":{"rendered":"<p>&#8211; un nouveau standard pour la m\u00e9decine PERCISIO est un dispositif innovant con\u00e7u pour simplifier les gestes m\u00e9dicaux.PERCISIO utilise la vision par ordinateur (Computer Vision) pour assister les praticiens dans diverses op\u00e9rations allant des contr\u00f4les aux interventions percutan\u00e9es telles que la biopsie, l\u2019infiltration, la ponction ou le drainage.PERCISIO est compatible avec une large gamme d\u2019instruments, [&hellip;]<\/p>\n","protected":false},"author":1,"featured_media":0,"parent":0,"menu_order":0,"comment_status":"closed","ping_status":"closed","template":"","meta":{"_editorskit_title_hidden":false,"_editorskit_reading_time":0,"_editorskit_is_block_options_detached":false,"_editorskit_block_options_position":"{}","footnotes":""},"class_list":["post-462","page","type-page","status-publish","hentry"],"_links":{"self":[{"href":"https:\/\/percisio.tech\/index.php\/wp-json\/wp\/v2\/pages\/462","targetHints":{"allow":["GET"]}}],"collection":[{"href":"https:\/\/percisio.tech\/index.php\/wp-json\/wp\/v2\/pages"}],"about":[{"href":"https:\/\/percisio.tech\/index.php\/wp-json\/wp\/v2\/types\/page"}],"author":[{"embeddable":true,"href":"https:\/\/percisio.tech\/index.php\/wp-json\/wp\/v2\/users\/1"}],"replies":[{"embeddable":true,"href":"https:\/\/percisio.tech\/index.php\/wp-json\/wp\/v2\/comments?post=462"}],"version-history":[{"count":26,"href":"https:\/\/percisio.tech\/index.php\/wp-json\/wp\/v2\/pages\/462\/revisions"}],"predecessor-version":[{"id":674,"href":"https:\/\/percisio.tech\/index.php\/wp-json\/wp\/v2\/pages\/462\/revisions\/674"}],"wp:attachment":[{"href":"https:\/\/percisio.tech\/index.php\/wp-json\/wp\/v2\/media?parent=462"}],"curies":[{"name":"wp","href":"https:\/\/api.w.org\/{rel}","templated":true}]}}