{"id":466,"date":"2025-04-01T11:42:31","date_gmt":"2025-04-01T09:42:31","guid":{"rendered":"https:\/\/percisio.tech\/?page_id=466"},"modified":"2025-04-23T13:51:06","modified_gmt":"2025-04-23T11:51:06","slug":"project_fr","status":"publish","type":"page","link":"https:\/\/percisio.tech\/index.php\/fr\/project_fr\/","title":{"rendered":"Project_fr"},"content":{"rendered":"\n<div class=\"wp-block-group alignfull has-contrast-background-color has-background has-global-padding is-layout-constrained wp-container-core-group-is-layout-23b1a4dc wp-block-group-is-layout-constrained wp-container-2 is-position-sticky\" style=\"padding-top:var(--wp--preset--spacing--30);padding-right:var(--wp--preset--spacing--30);padding-bottom:var(--wp--preset--spacing--30);padding-left:var(--wp--preset--spacing--30)\">\n<div class=\"wp-block-group alignwide is-content-justification-space-between is-layout-flex wp-container-core-group-is-layout-b2891da8 wp-block-group-is-layout-flex\">\n<div class=\"wp-block-group is-layout-flex wp-block-group-is-layout-flex\">\n<figure class=\"wp-block-image size-full is-resized\"><a href=\"https:\/\/percisio.tech\/index.php\/fr\/home-2\/\"><img loading=\"lazy\" decoding=\"async\" width=\"933\" height=\"267\" src=\"https:\/\/percisio.tech\/wp-content\/uploads\/2025\/04\/logo_PERCISIO.jpg\" alt=\"\" class=\"wp-image-495\" style=\"width:150px\" srcset=\"https:\/\/percisio.tech\/wp-content\/uploads\/2025\/04\/logo_PERCISIO.jpg 933w, https:\/\/percisio.tech\/wp-content\/uploads\/2025\/04\/logo_PERCISIO-300x86.jpg 300w, https:\/\/percisio.tech\/wp-content\/uploads\/2025\/04\/logo_PERCISIO-768x220.jpg 768w\" sizes=\"auto, (max-width: 933px) 100vw, 933px\" \/><\/a><\/figure>\n<\/div>\n\n\n<nav style=\"font-size:clamp(0.875rem, 0.875rem + ((1vw - 0.2rem) * 0.542), 1.2rem);\" class=\"has-text-color has-base-2-color is-responsive wp-block-navigation is-layout-flex wp-block-navigation-is-layout-flex\" aria-label=\"Header_fr\" \n\t\t data-wp-interactive=\"core\/navigation\" data-wp-context='{\"overlayOpenedBy\":{\"click\":false,\"hover\":false,\"focus\":false},\"type\":\"overlay\",\"roleAttribute\":\"\",\"ariaLabel\":\"Menu\"}'><button aria-haspopup=\"dialog\" aria-label=\"Ouvrir le menu\" class=\"wp-block-navigation__responsive-container-open\" \n\t\t\t\tdata-wp-on--click=\"actions.openMenuOnClick\"\n\t\t\t\tdata-wp-on--keydown=\"actions.handleMenuKeydown\"\n\t\t\t><svg width=\"24\" height=\"24\" xmlns=\"http:\/\/www.w3.org\/2000\/svg\" viewBox=\"0 0 24 24\" aria-hidden=\"true\" focusable=\"false\"><path d=\"M4 7.5h16v1.5H4z\"><\/path><path d=\"M4 15h16v1.5H4z\"><\/path><\/svg><\/button>\n\t\t\t\t<div class=\"wp-block-navigation__responsive-container\"  id=\"modal-1\" \n\t\t\t\tdata-wp-class--has-modal-open=\"state.isMenuOpen\"\n\t\t\t\tdata-wp-class--is-menu-open=\"state.isMenuOpen\"\n\t\t\t\tdata-wp-watch=\"callbacks.initMenu\"\n\t\t\t\tdata-wp-on--keydown=\"actions.handleMenuKeydown\"\n\t\t\t\tdata-wp-on--focusout=\"actions.handleMenuFocusout\"\n\t\t\t\ttabindex=\"-1\"\n\t\t\t>\n\t\t\t\t\t<div class=\"wp-block-navigation__responsive-close\" tabindex=\"-1\">\n\t\t\t\t\t\t<div class=\"wp-block-navigation__responsive-dialog\" \n\t\t\t\tdata-wp-bind--aria-modal=\"state.ariaModal\"\n\t\t\t\tdata-wp-bind--aria-label=\"state.ariaLabel\"\n\t\t\t\tdata-wp-bind--role=\"state.roleAttribute\"\n\t\t\t>\n\t\t\t\t\t\t\t<button aria-label=\"Fermer le menu\" class=\"wp-block-navigation__responsive-container-close\" \n\t\t\t\tdata-wp-on--click=\"actions.closeMenuOnClick\"\n\t\t\t><svg xmlns=\"http:\/\/www.w3.org\/2000\/svg\" viewBox=\"0 0 24 24\" width=\"24\" height=\"24\" aria-hidden=\"true\" focusable=\"false\"><path d=\"m13.06 12 6.47-6.47-1.06-1.06L12 10.94 5.53 4.47 4.47 5.53 10.94 12l-6.47 6.47 1.06 1.06L12 13.06l6.47 6.47 1.06-1.06L13.06 12Z\"><\/path><\/svg><\/button>\n\t\t\t\t\t\t\t<div class=\"wp-block-navigation__responsive-container-content\" \n\t\t\t\tdata-wp-watch=\"callbacks.focusFirstElement\"\n\t\t\t id=\"modal-1-content\">\n\t\t\t\t\t\t\t\t<ul style=\"font-size:clamp(0.875rem, 0.875rem + ((1vw - 0.2rem) * 0.542), 1.2rem);\" class=\"wp-block-navigation__container has-text-color has-base-2-color is-responsive wp-block-navigation\"><li style=\"font-size: clamp(0.875rem, 0.875rem + ((1vw - 0.2rem) * 0.542), 1.2rem);\" class=\" wp-block-navigation-item wp-block-navigation-link\"><a class=\"wp-block-navigation-item__content\"  href=\"https:\/\/percisio.tech\/index.php\/fr\/project_fr\/\"><span class=\"wp-block-navigation-item__label\">Projet<\/span><\/a><\/li><li style=\"font-size: clamp(0.875rem, 0.875rem + ((1vw - 0.2rem) * 0.542), 1.2rem);\" class=\" wp-block-navigation-item wp-block-navigation-link\"><a class=\"wp-block-navigation-item__content\"  href=\"https:\/\/percisio.tech\/index.php\/procedure_fr\/\"><span class=\"wp-block-navigation-item__label\">Proc\u00e9dure<\/span><\/a><\/li><li style=\"font-size: clamp(0.875rem, 0.875rem + ((1vw - 0.2rem) * 0.542), 1.2rem);\" class=\" wp-block-navigation-item wp-block-navigation-link\"><a class=\"wp-block-navigation-item__content\"  href=\"https:\/\/percisio.tech\/index.php\/fr\/technology_fr\/\"><span class=\"wp-block-navigation-item__label\">Technologie<\/span><\/a><\/li><li style=\"font-size: clamp(0.875rem, 0.875rem + ((1vw - 0.2rem) * 0.542), 1.2rem);\" class=\" wp-block-navigation-item wp-block-navigation-link\"><a class=\"wp-block-navigation-item__content\"  href=\"https:\/\/percisio.tech\/index.php\/fr\/video_fr\/\"><span class=\"wp-block-navigation-item__label\">Vid\u00e9os<\/span><\/a><\/li><li style=\"font-size: clamp(0.875rem, 0.875rem + ((1vw - 0.2rem) * 0.542), 1.2rem);\" class=\" wp-block-navigation-item wp-block-navigation-link\"><a class=\"wp-block-navigation-item__content\"  href=\"https:\/\/percisio.tech\/index.php\/fr\/documentation_fr\/\"><span class=\"wp-block-navigation-item__label\">Documentation<\/span><\/a><\/li><li style=\"font-size: clamp(0.875rem, 0.875rem + ((1vw - 0.2rem) * 0.542), 1.2rem);\" class=\" wp-block-navigation-item wp-block-navigation-link\"><a class=\"wp-block-navigation-item__content\"  href=\"https:\/\/percisio.tech\/index.php\/fr\/contact_fr\/\"><span class=\"wp-block-navigation-item__label\">Contact<\/span><\/a><\/li><\/ul>\n\t\t\t\t\t\t\t<\/div>\n\t\t\t\t\t\t<\/div>\n\t\t\t\t\t<\/div>\n\t\t\t\t<\/div><\/nav>\n\n\n<div class=\"wp-block-buttons is-layout-flex wp-block-buttons-is-layout-flex\">\n<div class=\"wp-block-button\"><a class=\"wp-block-button__link wp-element-button\" href=\"https:\/\/dicomweb.percisio.tech\" target=\"_blank\" rel=\"noreferrer noopener\">DicomWEB<\/a><\/div>\n<\/div>\n\n\n\n<figure class=\"wp-block-image size-large is-resized\"><a href=\"https:\/\/percisio.tech\/index.php\/the-project\/\"><img loading=\"lazy\" decoding=\"async\" width=\"1024\" height=\"614\" src=\"https:\/\/percisio.tech\/wp-content\/uploads\/2025\/04\/uk-1024x614.jpg\" alt=\"\" class=\"wp-image-501\" style=\"width:35px\" srcset=\"https:\/\/percisio.tech\/wp-content\/uploads\/2025\/04\/uk-1024x614.jpg 1024w, https:\/\/percisio.tech\/wp-content\/uploads\/2025\/04\/uk-300x180.jpg 300w, https:\/\/percisio.tech\/wp-content\/uploads\/2025\/04\/uk-768x461.jpg 768w, https:\/\/percisio.tech\/wp-content\/uploads\/2025\/04\/uk-1536x921.jpg 1536w, https:\/\/percisio.tech\/wp-content\/uploads\/2025\/04\/uk.jpg 2048w\" sizes=\"auto, (max-width: 1024px) 100vw, 1024px\" \/><\/a><\/figure>\n<\/div>\n<\/div>\n\n\n\n<div class=\"wp-block-group alignwide is-vertical is-content-justification-left is-layout-flex wp-container-core-group-is-layout-dd225191 wp-block-group-is-layout-flex\">\n<h2 class=\"wp-block-heading has-base-2-color has-text-color has-link-color wp-elements-a415525bb9f01b7432f01f6f6a3b22ac\">Simple, Fiable, Pr\u00e9cis<\/h2>\n\n\n\n<p class=\"has-base-color has-text-color has-link-color wp-elements-d65d65c381380bef351a8b470c6e303b\" style=\"font-size:clamp(0.984rem, 0.984rem + ((1vw - 0.2rem) * 0.86), 1.5rem);\">PERCISIO est un dispositif m\u00e9dical de Classe IIA prot\u00e9g\u00e9 par un brevet europ\u00e9en.<\/p>\n\n\n\n<p class=\"has-base-color has-text-color has-link-color wp-elements-211fc58b03ff771b581adb395d542a16\" style=\"font-size:clamp(0.984rem, 0.984rem + ((1vw - 0.2rem) * 0.86), 1.5rem);\">PERCISIO s\u2019appuie sur plusieurs nouvelles technologies pour simplifier les interventions en m\u00e9decine interventionnelle et non interventionnelle.<\/p>\n\n\n\n<div style=\"height:0px\" aria-hidden=\"true\" class=\"wp-block-spacer wp-container-content-16d1eb73\"><\/div>\n\n\n\n<div class=\"wp-block-columns is-layout-flex wp-container-core-columns-is-layout-28f84493 wp-block-columns-is-layout-flex\">\n<div class=\"wp-block-column is-vertically-aligned-center is-layout-flow wp-block-column-is-layout-flow\">\n<p class=\"has-base-color has-text-color has-link-color wp-elements-40ca9c9f1600c4755cb65a840b8842a1\" style=\"font-size:clamp(0.984rem, 0.984rem + ((1vw - 0.2rem) * 0.86), 1.5rem);\">PERCISIO utilise l\u2019holographie pour repr\u00e9senter l\u2019anatomie du patient et guider les gestes du praticien.<\/p>\n\n\n\n<p class=\"has-base-color has-text-color has-link-color wp-elements-cafac6280cff71b606d00e9492de205a\" style=\"font-size:clamp(0.984rem, 0.984rem + ((1vw - 0.2rem) * 0.86), 1.5rem);\">L\u2019exemple ci-contre montre un geste percutan\u00e9 avec le syst\u00e8me PERCISIO. Un abc\u00e8s au foie a \u00e9t\u00e9 identifi\u00e9 pendant la construction de l\u2019hologramme par le docteur en charge du patient.<\/p>\n\n\n\n<p class=\"has-base-color has-text-color has-link-color wp-elements-1ce540222b606707e1c1ce750a59940b\" style=\"font-size:clamp(0.984rem, 0.984rem + ((1vw - 0.2rem) * 0.86), 1.5rem);\">L\u2019abc\u00e8s a \u00e9t\u00e9 ins\u00e9r\u00e9 dans l\u2019hologramme, le praticien n\u2019a plus qu\u2019\u00e0 suivre les instructions affich\u00e9es \u00e0 l\u2019\u00e9cran.<\/p>\n<\/div>\n\n\n\n<div class=\"wp-block-column is-layout-flow wp-block-column-is-layout-flow\" style=\"flex-basis:450px\">\n<figure class=\"wp-block-image size-large\"><img loading=\"lazy\" decoding=\"async\" width=\"974\" height=\"1024\" src=\"https:\/\/percisio.tech\/wp-content\/uploads\/2025\/03\/body_jeanne_reduced-974x1024.png\" alt=\"\" class=\"wp-image-406\" srcset=\"https:\/\/percisio.tech\/wp-content\/uploads\/2025\/03\/body_jeanne_reduced-974x1024.png 974w, https:\/\/percisio.tech\/wp-content\/uploads\/2025\/03\/body_jeanne_reduced-285x300.png 285w, https:\/\/percisio.tech\/wp-content\/uploads\/2025\/03\/body_jeanne_reduced-768x807.png 768w, https:\/\/percisio.tech\/wp-content\/uploads\/2025\/03\/body_jeanne_reduced-1461x1536.png 1461w, https:\/\/percisio.tech\/wp-content\/uploads\/2025\/03\/body_jeanne_reduced-1948x2048.png 1948w\" sizes=\"auto, (max-width: 974px) 100vw, 974px\" \/><\/figure>\n<\/div>\n<\/div>\n\n\n\n<div style=\"height:23px\" aria-hidden=\"true\" class=\"wp-block-spacer wp-container-content-16d1eb73\"><\/div>\n\n\n\n<div class=\"wp-block-columns is-layout-flex wp-container-core-columns-is-layout-28f84493 wp-block-columns-is-layout-flex\">\n<div class=\"wp-block-column is-layout-flow wp-block-column-is-layout-flow\">\n<figure class=\"wp-block-image aligncenter size-large\" style=\"margin-top:0;margin-bottom:0\"><img loading=\"lazy\" decoding=\"async\" width=\"1024\" height=\"491\" src=\"https:\/\/percisio.tech\/wp-content\/uploads\/2025\/03\/body_probe_needle-4-1024x491.jpg\" alt=\"\" class=\"wp-image-359\" srcset=\"https:\/\/percisio.tech\/wp-content\/uploads\/2025\/03\/body_probe_needle-4-1024x491.jpg 1024w, https:\/\/percisio.tech\/wp-content\/uploads\/2025\/03\/body_probe_needle-4-300x144.jpg 300w, https:\/\/percisio.tech\/wp-content\/uploads\/2025\/03\/body_probe_needle-4-768x368.jpg 768w, https:\/\/percisio.tech\/wp-content\/uploads\/2025\/03\/body_probe_needle-4.jpg 1171w\" sizes=\"auto, (max-width: 1024px) 100vw, 1024px\" \/><\/figure>\n<\/div>\n\n\n\n<div class=\"wp-block-column is-vertically-aligned-center is-layout-flow wp-block-column-is-layout-flow\">\n<p class=\"has-base-color has-text-color has-link-color wp-elements-9b95bf96f7b3d2db7d2372de91937fef\" style=\"font-size:clamp(0.984rem, 0.984rem + ((1vw - 0.2rem) * 0.86), 1.5rem);\">Le praticien visualise la cible en m\u00eame temps que PERCISIO suit les instruments, ici une sonde ultrason et une aiguille.<\/p>\n\n\n\n<p class=\"has-base-color has-text-color has-link-color wp-elements-b91e81947bbfd1fa9cf9484102ef6110\" style=\"font-size:clamp(0.984rem, 0.984rem + ((1vw - 0.2rem) * 0.86), 1.5rem);\">Lorsque le c\u00f4ne de la sonde et la trajectoire de l\u2019aiguille rencontrent l\u2019abc\u00e8s, les instruments changent de couleur \u00e0 l\u2019\u00e9cran indiquant qu\u2019ils sont correctement align\u00e9s.<br>Ex\u00e9cuter un geste m\u00e9dical devient facile.<\/p>\n\n\n\n<p class=\"has-base-color has-text-color has-link-color wp-elements-da7ee57a2badff27cf81963f8118bc23\" style=\"font-size:clamp(0.984rem, 0.984rem + ((1vw - 0.2rem) * 0.86), 1.5rem);\">PERCISIO peut guider les experts comme les non-experts dans tout type de proc\u00e9dure.<\/p>\n<\/div>\n<\/div>\n\n\n\n<div style=\"height:23px\" aria-hidden=\"true\" class=\"wp-block-spacer wp-container-content-16d1eb73\"><\/div>\n\n\n\n<h2 class=\"wp-block-heading has-base-2-color has-text-color has-link-color wp-elements-3ce3935f6ae2e04325c59cc15e92d678\">Une solution au manque d&rsquo;experts m\u00e9dicaux<\/h2>\n\n\n\n<div class=\"wp-block-columns is-layout-flex wp-container-core-columns-is-layout-28f84493 wp-block-columns-is-layout-flex\">\n<div class=\"wp-block-column is-layout-flow wp-block-column-is-layout-flow\" style=\"flex-basis:430px\">\n<figure class=\"wp-block-image aligncenter size-full\"><img loading=\"lazy\" decoding=\"async\" width=\"575\" height=\"440\" src=\"https:\/\/percisio.tech\/wp-content\/uploads\/2025\/03\/shortage.jpg\" alt=\"\" class=\"wp-image-218\" style=\"object-fit:cover\" srcset=\"https:\/\/percisio.tech\/wp-content\/uploads\/2025\/03\/shortage.jpg 575w, https:\/\/percisio.tech\/wp-content\/uploads\/2025\/03\/shortage-300x230.jpg 300w\" sizes=\"auto, (max-width: 575px) 100vw, 575px\" \/><\/figure>\n<\/div>\n\n\n\n<div class=\"wp-block-column is-vertically-aligned-center is-layout-flow wp-block-column-is-layout-flow\">\n<p class=\"has-base-color has-text-color has-link-color wp-elements-3bedabd733bb100c44d3ef344b64c9b5\" style=\"font-size:clamp(0.984rem, 0.984rem + ((1vw - 0.2rem) * 0.86), 1.5rem);\">PERCISIO est une r\u00e9ponse au manque d\u2019experts m\u00e9dicaux dans la plupart des pays d\u2019Europe et du monde.<\/p>\n\n\n\n<p class=\"has-base-color has-text-color has-link-color wp-elements-c2548a495f8fde9381841d7063104afb\" style=\"font-size:clamp(0.984rem, 0.984rem + ((1vw - 0.2rem) * 0.86), 1.5rem);\">La proc\u00e9dure en trois \u00e9tapes permet de mettre une distance g\u00e9ographique entre le personnel en charge de la construction de l\u2019hologramme et celui ex\u00e9cutant le geste m\u00e9dical.<\/p>\n\n\n\n<p class=\"has-base-color has-text-color has-link-color wp-elements-db92e9e17bc40dbc532526831bfc9feb\" style=\"font-size:clamp(0.984rem, 0.984rem + ((1vw - 0.2rem) * 0.86), 1.5rem);\">PERCISIO peut ainsi op\u00e9rer loin des p\u00f4les sp\u00e9cialis\u00e9s en imagerie m\u00e9dicale.<\/p>\n<\/div>\n<\/div>\n\n\n\n<div style=\"height:84px\" aria-hidden=\"true\" class=\"wp-block-spacer wp-container-content-c0740251\"><\/div>\n\n\n\n<h2 class=\"wp-block-heading has-base-color has-text-color has-link-color wp-elements-1c8f75e791db3b2ed5647e8a8e62998d\">Philosophie pour le d\u00e9veloppement<\/h2>\n\n\n\n<p class=\"has-base-color has-text-color has-link-color wp-elements-97233e4f54e3965e03627f4b9b126d99\" style=\"font-size:clamp(0.984rem, 0.984rem + ((1vw - 0.2rem) * 0.86), 1.5rem);\">PERCISIO a \u00e9t\u00e9 d\u00e9velopp\u00e9 comme un projet personnel avec cette conviction que les dispositifs construits par les entreprises de l\u2019industrie m\u00e9dicale peuvent \u00eatre am\u00e9lior\u00e9es.<\/p>\n\n\n\n<p class=\"has-base-color has-text-color has-link-color wp-elements-598241724dd2070bdc5639fcd79d765e\" style=\"font-size:clamp(0.984rem, 0.984rem + ((1vw - 0.2rem) * 0.86), 1.5rem);\">Cette id\u00e9e repose sur le fait que la plupart des syst\u00e8mes m\u00e9dicaux sont avant un tout un assemblage de sous-syst\u00e8mes disponibles pour le grand public.<\/p>\n\n\n\n<p class=\"has-base-color has-text-color has-link-color wp-elements-9741910c8fc7ed6505cec797beb823d5\" style=\"font-size:clamp(0.984rem, 0.984rem + ((1vw - 0.2rem) * 0.86), 1.5rem);\">Partant de ce point, les meilleurs dispositif ne viennent pas des plus gros investissements mais des meilleures int\u00e9grations et des meilleurs d\u00e9veloppements.<\/p>\n\n\n\n<p class=\"has-base-color has-text-color has-link-color wp-elements-1f69f19415e13d55ca37d93f5accbce6\" style=\"font-size:clamp(0.984rem, 0.984rem + ((1vw - 0.2rem) * 0.86), 1.5rem);\">J\u2019ai fait de mon mieux pour d\u00e9velopper PERCISIO apr\u00e8s avoir observ\u00e9 de nombreuses solutions d\u00e9ploy\u00e9es en milieu hospitalier dont beaucoup peuvent \u00eatre simplifi\u00e9es et am\u00e9lior\u00e9es en ergonomie et en qualit\u00e9.<\/p>\n<\/div>\n","protected":false},"excerpt":{"rendered":"<p>Simple, Fiable, Pr\u00e9cis PERCISIO est un dispositif m\u00e9dical de Classe IIA prot\u00e9g\u00e9 par un brevet europ\u00e9en. PERCISIO s\u2019appuie sur plusieurs nouvelles technologies pour simplifier les interventions en m\u00e9decine interventionnelle et non interventionnelle. PERCISIO utilise l\u2019holographie pour repr\u00e9senter l\u2019anatomie du patient et guider les gestes du praticien. L\u2019exemple ci-contre montre un geste percutan\u00e9 avec le syst\u00e8me [&hellip;]<\/p>\n","protected":false},"author":1,"featured_media":5,"parent":0,"menu_order":0,"comment_status":"closed","ping_status":"closed","template":"","meta":{"_editorskit_title_hidden":false,"_editorskit_reading_time":0,"_editorskit_is_block_options_detached":false,"_editorskit_block_options_position":"{}","footnotes":""},"class_list":["post-466","page","type-page","status-publish","has-post-thumbnail","hentry"],"_links":{"self":[{"href":"https:\/\/percisio.tech\/index.php\/wp-json\/wp\/v2\/pages\/466","targetHints":{"allow":["GET"]}}],"collection":[{"href":"https:\/\/percisio.tech\/index.php\/wp-json\/wp\/v2\/pages"}],"about":[{"href":"https:\/\/percisio.tech\/index.php\/wp-json\/wp\/v2\/types\/page"}],"author":[{"embeddable":true,"href":"https:\/\/percisio.tech\/index.php\/wp-json\/wp\/v2\/users\/1"}],"replies":[{"embeddable":true,"href":"https:\/\/percisio.tech\/index.php\/wp-json\/wp\/v2\/comments?post=466"}],"version-history":[{"count":16,"href":"https:\/\/percisio.tech\/index.php\/wp-json\/wp\/v2\/pages\/466\/revisions"}],"predecessor-version":[{"id":675,"href":"https:\/\/percisio.tech\/index.php\/wp-json\/wp\/v2\/pages\/466\/revisions\/675"}],"wp:featuredmedia":[{"embeddable":true,"href":"https:\/\/percisio.tech\/index.php\/wp-json\/wp\/v2\/media\/5"}],"wp:attachment":[{"href":"https:\/\/percisio.tech\/index.php\/wp-json\/wp\/v2\/media?parent=466"}],"curies":[{"name":"wp","href":"https:\/\/api.w.org\/{rel}","templated":true}]}}