{"id":511,"date":"2025-04-01T14:35:12","date_gmt":"2025-04-01T12:35:12","guid":{"rendered":"https:\/\/percisio.tech\/?page_id=511"},"modified":"2025-06-23T14:40:30","modified_gmt":"2025-06-23T12:40:30","slug":"procedure_fr","status":"publish","type":"page","link":"https:\/\/percisio.tech\/index.php\/fr\/procedure_fr\/","title":{"rendered":"Procedure_fr"},"content":{"rendered":"\n<div class=\"wp-block-group alignfull has-contrast-background-color has-background has-global-padding is-layout-constrained wp-container-core-group-is-layout-23b1a4dc wp-block-group-is-layout-constrained wp-container-2 is-position-sticky\" style=\"padding-top:var(--wp--preset--spacing--30);padding-right:var(--wp--preset--spacing--30);padding-bottom:var(--wp--preset--spacing--30);padding-left:var(--wp--preset--spacing--30)\">\n<div class=\"wp-block-group alignwide is-content-justification-space-between is-layout-flex wp-container-core-group-is-layout-b2891da8 wp-block-group-is-layout-flex\">\n<div class=\"wp-block-group is-layout-flex wp-block-group-is-layout-flex\">\n<figure class=\"wp-block-image size-full is-resized\"><a href=\"https:\/\/percisio.tech\/index.php\/fr\/home-2\/\"><img loading=\"lazy\" decoding=\"async\" width=\"933\" height=\"267\" src=\"https:\/\/percisio.tech\/wp-content\/uploads\/2025\/04\/logo_PERCISIO.jpg\" alt=\"\" class=\"wp-image-495\" style=\"width:150px\" srcset=\"https:\/\/percisio.tech\/wp-content\/uploads\/2025\/04\/logo_PERCISIO.jpg 933w, https:\/\/percisio.tech\/wp-content\/uploads\/2025\/04\/logo_PERCISIO-300x86.jpg 300w, https:\/\/percisio.tech\/wp-content\/uploads\/2025\/04\/logo_PERCISIO-768x220.jpg 768w\" sizes=\"auto, (max-width: 933px) 100vw, 933px\" \/><\/a><\/figure>\n<\/div>\n\n\n<nav style=\"font-size:clamp(0.875rem, 0.875rem + ((1vw - 0.2rem) * 0.542), 1.2rem);\" class=\"has-text-color has-base-2-color is-responsive wp-block-navigation is-layout-flex wp-block-navigation-is-layout-flex\" aria-label=\"Header_fr\" \n\t\t data-wp-interactive=\"core\/navigation\" data-wp-context='{\"overlayOpenedBy\":{\"click\":false,\"hover\":false,\"focus\":false},\"type\":\"overlay\",\"roleAttribute\":\"\",\"ariaLabel\":\"Menu\"}'><button aria-haspopup=\"dialog\" aria-label=\"Ouvrir le menu\" class=\"wp-block-navigation__responsive-container-open\" \n\t\t\t\tdata-wp-on--click=\"actions.openMenuOnClick\"\n\t\t\t\tdata-wp-on--keydown=\"actions.handleMenuKeydown\"\n\t\t\t><svg width=\"24\" height=\"24\" xmlns=\"http:\/\/www.w3.org\/2000\/svg\" viewBox=\"0 0 24 24\" aria-hidden=\"true\" focusable=\"false\"><path d=\"M4 7.5h16v1.5H4z\"><\/path><path d=\"M4 15h16v1.5H4z\"><\/path><\/svg><\/button>\n\t\t\t\t<div class=\"wp-block-navigation__responsive-container\"  id=\"modal-1\" \n\t\t\t\tdata-wp-class--has-modal-open=\"state.isMenuOpen\"\n\t\t\t\tdata-wp-class--is-menu-open=\"state.isMenuOpen\"\n\t\t\t\tdata-wp-watch=\"callbacks.initMenu\"\n\t\t\t\tdata-wp-on--keydown=\"actions.handleMenuKeydown\"\n\t\t\t\tdata-wp-on--focusout=\"actions.handleMenuFocusout\"\n\t\t\t\ttabindex=\"-1\"\n\t\t\t>\n\t\t\t\t\t<div class=\"wp-block-navigation__responsive-close\" tabindex=\"-1\">\n\t\t\t\t\t\t<div class=\"wp-block-navigation__responsive-dialog\" \n\t\t\t\tdata-wp-bind--aria-modal=\"state.ariaModal\"\n\t\t\t\tdata-wp-bind--aria-label=\"state.ariaLabel\"\n\t\t\t\tdata-wp-bind--role=\"state.roleAttribute\"\n\t\t\t>\n\t\t\t\t\t\t\t<button aria-label=\"Fermer le menu\" class=\"wp-block-navigation__responsive-container-close\" \n\t\t\t\tdata-wp-on--click=\"actions.closeMenuOnClick\"\n\t\t\t><svg xmlns=\"http:\/\/www.w3.org\/2000\/svg\" viewBox=\"0 0 24 24\" width=\"24\" height=\"24\" aria-hidden=\"true\" focusable=\"false\"><path d=\"m13.06 12 6.47-6.47-1.06-1.06L12 10.94 5.53 4.47 4.47 5.53 10.94 12l-6.47 6.47 1.06 1.06L12 13.06l6.47 6.47 1.06-1.06L13.06 12Z\"><\/path><\/svg><\/button>\n\t\t\t\t\t\t\t<div class=\"wp-block-navigation__responsive-container-content\" \n\t\t\t\tdata-wp-watch=\"callbacks.focusFirstElement\"\n\t\t\t id=\"modal-1-content\">\n\t\t\t\t\t\t\t\t<ul style=\"font-size:clamp(0.875rem, 0.875rem + ((1vw - 0.2rem) * 0.542), 1.2rem);\" class=\"wp-block-navigation__container has-text-color has-base-2-color is-responsive wp-block-navigation\"><li style=\"font-size: clamp(0.875rem, 0.875rem + ((1vw - 0.2rem) * 0.542), 1.2rem);\" class=\" wp-block-navigation-item wp-block-navigation-link\"><a class=\"wp-block-navigation-item__content\"  href=\"https:\/\/percisio.tech\/index.php\/fr\/project_fr\/\"><span class=\"wp-block-navigation-item__label\">Projet<\/span><\/a><\/li><li style=\"font-size: clamp(0.875rem, 0.875rem + ((1vw - 0.2rem) * 0.542), 1.2rem);\" class=\" wp-block-navigation-item wp-block-navigation-link\"><a class=\"wp-block-navigation-item__content\"  href=\"https:\/\/percisio.tech\/index.php\/procedure_fr\/\"><span class=\"wp-block-navigation-item__label\">Proc\u00e9dure<\/span><\/a><\/li><li style=\"font-size: clamp(0.875rem, 0.875rem + ((1vw - 0.2rem) * 0.542), 1.2rem);\" class=\" wp-block-navigation-item wp-block-navigation-link\"><a class=\"wp-block-navigation-item__content\"  href=\"https:\/\/percisio.tech\/index.php\/fr\/technology_fr\/\"><span class=\"wp-block-navigation-item__label\">Technologie<\/span><\/a><\/li><li style=\"font-size: clamp(0.875rem, 0.875rem + ((1vw - 0.2rem) * 0.542), 1.2rem);\" class=\" wp-block-navigation-item wp-block-navigation-link\"><a class=\"wp-block-navigation-item__content\"  href=\"https:\/\/percisio.tech\/index.php\/fr\/video_fr\/\"><span class=\"wp-block-navigation-item__label\">Vid\u00e9os<\/span><\/a><\/li><li style=\"font-size: clamp(0.875rem, 0.875rem + ((1vw - 0.2rem) * 0.542), 1.2rem);\" class=\" wp-block-navigation-item wp-block-navigation-link\"><a class=\"wp-block-navigation-item__content\"  href=\"https:\/\/percisio.tech\/index.php\/fr\/documentation_fr\/\"><span class=\"wp-block-navigation-item__label\">Documentation<\/span><\/a><\/li><li style=\"font-size: clamp(0.875rem, 0.875rem + ((1vw - 0.2rem) * 0.542), 1.2rem);\" class=\" wp-block-navigation-item wp-block-navigation-link\"><a class=\"wp-block-navigation-item__content\"  href=\"https:\/\/percisio.tech\/index.php\/fr\/contact_fr\/\"><span class=\"wp-block-navigation-item__label\">Contact<\/span><\/a><\/li><\/ul>\n\t\t\t\t\t\t\t<\/div>\n\t\t\t\t\t\t<\/div>\n\t\t\t\t\t<\/div>\n\t\t\t\t<\/div><\/nav>\n\n\n<div class=\"wp-block-buttons is-layout-flex wp-block-buttons-is-layout-flex\">\n<div class=\"wp-block-button\"><a class=\"wp-block-button__link wp-element-button\" href=\"https:\/\/dicomweb.percisio.tech\" target=\"_blank\" rel=\"noreferrer noopener\">DicomWEB<\/a><\/div>\n<\/div>\n\n\n\n<figure class=\"wp-block-image size-large is-resized\"><a href=\"https:\/\/percisio.tech\/index.php\/the-procedure\/\"><img loading=\"lazy\" decoding=\"async\" width=\"1024\" height=\"614\" src=\"https:\/\/percisio.tech\/wp-content\/uploads\/2025\/04\/uk-1024x614.jpg\" alt=\"\" class=\"wp-image-501\" style=\"width:35px\" srcset=\"https:\/\/percisio.tech\/wp-content\/uploads\/2025\/04\/uk-1024x614.jpg 1024w, https:\/\/percisio.tech\/wp-content\/uploads\/2025\/04\/uk-300x180.jpg 300w, https:\/\/percisio.tech\/wp-content\/uploads\/2025\/04\/uk-768x461.jpg 768w, https:\/\/percisio.tech\/wp-content\/uploads\/2025\/04\/uk-1536x921.jpg 1536w, https:\/\/percisio.tech\/wp-content\/uploads\/2025\/04\/uk.jpg 2048w\" sizes=\"auto, (max-width: 1024px) 100vw, 1024px\" \/><\/a><\/figure>\n<\/div>\n<\/div>\n\n\n\n<div class=\"wp-block-group alignwide is-vertical is-content-justification-left is-layout-flex wp-container-core-group-is-layout-dd225191 wp-block-group-is-layout-flex\">\n<h2 class=\"wp-block-heading has-text-align-left has-base-2-color has-text-color has-link-color wp-elements-d5200bfe516c76c418d0f40a200f927e\">Une proc\u00e9dure en trois \u00e9tapes<\/h2>\n\n\n\n<div style=\"height:0px\" aria-hidden=\"true\" class=\"wp-block-spacer wp-container-content-16d1eb73\"><\/div>\n\n\n\n<figure class=\"wp-block-image size-full is-resized\" style=\"margin-right:18%;margin-left:18%\"><img loading=\"lazy\" decoding=\"async\" width=\"839\" height=\"98\" src=\"https:\/\/percisio.tech\/wp-content\/uploads\/2025\/04\/3steps_fr.jpg\" alt=\"\" class=\"wp-image-639\" style=\"width:810px\" srcset=\"https:\/\/percisio.tech\/wp-content\/uploads\/2025\/04\/3steps_fr.jpg 839w, https:\/\/percisio.tech\/wp-content\/uploads\/2025\/04\/3steps_fr-300x35.jpg 300w, https:\/\/percisio.tech\/wp-content\/uploads\/2025\/04\/3steps_fr-768x90.jpg 768w\" sizes=\"auto, (max-width: 839px) 100vw, 839px\" \/><\/figure>\n\n\n\n<div style=\"height:0px\" aria-hidden=\"true\" class=\"wp-block-spacer wp-container-content-16d1eb73\"><\/div>\n\n\n\n<p class=\"has-base-color has-text-color has-link-color wp-elements-aa13ba2c6b5b498c78cfaccd3cea8eea\" style=\"font-size:clamp(0.984rem, 0.984rem + ((1vw - 0.2rem) * 0.86), 1.5rem);\">Un hologramme est une repr\u00e9sentation fid\u00e8le de l\u2019anatomie du patient.<\/p>\n\n\n\n<p class=\"has-base-color has-text-color has-link-color wp-elements-9eb37d78730a1e10c7ac13ed397fe5f3\" style=\"font-size:clamp(0.984rem, 0.984rem + ((1vw - 0.2rem) * 0.86), 1.5rem);\">PERCISIO construit automatiquement l&rsquo;hologramme sur la base des images m\u00e9dicales acquises au scanner ou \u00e0 l\u2019IRM. La peau, les organes, les os sont automatiquement reconnus par le logiciel et le docteur peut ici identifier les cibles \u00e0 traiter lors d\u2019une future op\u00e9ration.<\/p>\n\n\n\n<div style=\"height:56px\" aria-hidden=\"true\" class=\"wp-block-spacer wp-container-content-16d1eb73\"><\/div>\n\n\n\n<figure class=\"wp-block-image size-full is-resized\" style=\"margin-right:27%;margin-left:27%\"><img loading=\"lazy\" decoding=\"async\" width=\"500\" height=\"279\" src=\"https:\/\/percisio.tech\/wp-content\/uploads\/2025\/03\/animation_gone2-1.webp\" alt=\"\" class=\"wp-image-238\" style=\"width:600px\"\/><\/figure>\n\n\n\n<p class=\"has-base-color has-text-color has-link-color wp-elements-8f29ed2c8e5e9d776c5ab7fe64b0f658\" style=\"font-size:clamp(0.984rem, 0.984rem + ((1vw - 0.2rem) * 0.86), 1.5rem);\">Un hologramme est compos\u00e9 d\u2019un ensemble de segments qui peuvent \u00eatre activ\u00e9s, rendus invisibles ou modifi\u00e9s pendant l\u2019op\u00e9ration. Cette fonctionnalit\u00e9 permet de cr\u00e9er des application interactives et intuitives pour le praticien.<\/p>\n\n\n\n<p class=\"has-base-color has-text-color has-link-color wp-elements-d6bce5cf469d1e049f336ddc5a69b2fd\" style=\"font-size:clamp(0.984rem, 0.984rem + ((1vw - 0.2rem) * 0.86), 1.5rem);\">L\u2019exemple ci-contre utilise le corps factice <a href=\"https:\/\/www.kyotokagaku.com\/en\/products_data\/ph-2_01\/\">KYOTO KAGAKU phantom<\/a>. L\u2019hologramme de KYOTO KAGAKU a \u00e9t\u00e9 construit avec le logiciel PERCISIO et nous avons positionn\u00e9 dans le foie une sph\u00e8re jaune repr\u00e9sentant un abc\u00e8s.<\/p>\n\n\n\n<p class=\"has-base-color has-text-color has-link-color wp-elements-eaf19328d33925e1b6d642b07f8ad5cb\" style=\"font-size:clamp(0.984rem, 0.984rem + ((1vw - 0.2rem) * 0.86), 1.5rem);\">Dans cet exemple, le docteur pr\u00e9pare un drainage percutan\u00e9. La trajectoire de l\u2019aiguille est soigneusement d\u00e9finie pour \u00e9viter des organes sensibles ou des os durant l\u2019op\u00e9ration.<\/p>\n\n\n\n<div style=\"height:0px\" aria-hidden=\"true\" class=\"wp-block-spacer wp-container-content-16d1eb73\"><\/div>\n\n\n\n<figure class=\"wp-block-image size-large is-resized\" style=\"margin-right:3%;margin-left:3%\"><img loading=\"lazy\" decoding=\"async\" width=\"1024\" height=\"315\" src=\"https:\/\/percisio.tech\/wp-content\/uploads\/2025\/03\/abscess-1024x315.jpg\" alt=\"\" class=\"wp-image-439\" style=\"width:1200px\" srcset=\"https:\/\/percisio.tech\/wp-content\/uploads\/2025\/03\/abscess-1024x315.jpg 1024w, https:\/\/percisio.tech\/wp-content\/uploads\/2025\/03\/abscess-300x92.jpg 300w, https:\/\/percisio.tech\/wp-content\/uploads\/2025\/03\/abscess-768x236.jpg 768w, https:\/\/percisio.tech\/wp-content\/uploads\/2025\/03\/abscess.jpg 1500w\" sizes=\"auto, (max-width: 1024px) 100vw, 1024px\" \/><\/figure>\n\n\n\n<div style=\"height:0px\" aria-hidden=\"true\" class=\"wp-block-spacer wp-container-content-16d1eb73\"><\/div>\n\n\n\n<p class=\"has-base-color has-text-color has-link-color wp-elements-9be59323efe19163ec230d0397419daf\" style=\"font-size:clamp(0.984rem, 0.984rem + ((1vw - 0.2rem) * 0.86), 1.5rem);\">La patient peut maintenant \u00eatre op\u00e9r\u00e9 ; l&rsquo;hologramme est pr\u00eat pour \u00eatre charg\u00e9 dans le syst\u00e8me.<\/p>\n\n\n\n<p class=\"has-base-color has-text-color has-link-color wp-elements-921e3f286f50873ba81d61e867e593a2\" style=\"font-size:clamp(0.984rem, 0.984rem + ((1vw - 0.2rem) * 0.86), 1.5rem);\">PERCISIO a \u00e9t\u00e9 con\u00e7u pour travailler avec des hologrammes pr\u00e9cis et permettre aux non experts d\u2019ex\u00e9cuter des op\u00e9rations complexes en les guidant pas-\u00e0-pas.<\/p>\n\n\n\n<p class=\"has-base-color has-text-color has-link-color wp-elements-03452fd4c4b25fc72d0f1d4e7af28578\" style=\"font-size:clamp(0.984rem, 0.984rem + ((1vw - 0.2rem) * 0.86), 1.5rem);\">Cet avantage permettra de d\u00e9l\u00e9guer des op\u00e9rations aujourd\u2019hui r\u00e9serv\u00e9es \u00e0 un petit cercle d\u2019experts.<\/p>\n\n\n\n<div style=\"height:0px\" aria-hidden=\"true\" class=\"wp-block-spacer wp-container-content-c0740251\"><\/div>\n\n\n\n<h2 class=\"wp-block-heading has-base-2-color has-text-color has-link-color wp-elements-c557e3dca0b1a751821feb2fd6f40749\"><strong>Une architecture bas\u00e9e sur les standards de la M\u00e9decine 4.0<\/strong><\/h2>\n\n\n\n<p class=\"has-base-color has-text-color has-link-color wp-elements-921ffc680fc54e90e209cd23ef224eb3\" style=\"font-size:clamp(0.984rem, 0.984rem + ((1vw - 0.2rem) * 0.86), 1.5rem);\">PERCISIO met en \u0153uvre une architecture centralis\u00e9e, con\u00e7ue pour travailler avec les trois m\u00e9tiers que sont&nbsp;: l\u2019acquisition des images m\u00e9dicales, la construction de l\u2019hologramme et l\u2019identification des cibles, l\u2019op\u00e9ration.<\/p>\n\n\n\n<p class=\"has-base-color has-text-color has-link-color wp-elements-c9a21b3adbff67a338a1da6829dfcc6e\" style=\"font-size:clamp(0.984rem, 0.984rem + ((1vw - 0.2rem) * 0.86), 1.5rem);\">PERCISIO permet de synchroniser ces trois environnements en les connectant \u00e0 un m\u00eame syst\u00e8me d\u2019information.<\/p>\n\n\n\n<div style=\"height:0px\" aria-hidden=\"true\" class=\"wp-block-spacer wp-container-content-16d1eb73\"><\/div>\n\n\n\n<figure class=\"wp-block-image size-large is-resized\" style=\"margin-right:7.5%;margin-left:7.5%\"><img loading=\"lazy\" decoding=\"async\" width=\"1024\" height=\"324\" src=\"https:\/\/percisio.tech\/wp-content\/uploads\/2025\/04\/archi_fr-1-1024x324.jpg\" alt=\"\" class=\"wp-image-645\" style=\"width:1080px\" srcset=\"https:\/\/percisio.tech\/wp-content\/uploads\/2025\/04\/archi_fr-1-1024x324.jpg 1024w, https:\/\/percisio.tech\/wp-content\/uploads\/2025\/04\/archi_fr-1-300x95.jpg 300w, https:\/\/percisio.tech\/wp-content\/uploads\/2025\/04\/archi_fr-1-768x243.jpg 768w, https:\/\/percisio.tech\/wp-content\/uploads\/2025\/04\/archi_fr-1.jpg 1080w\" sizes=\"auto, (max-width: 1024px) 100vw, 1024px\" \/><\/figure>\n\n\n\n<div style=\"height:0px\" aria-hidden=\"true\" class=\"wp-block-spacer wp-container-content-16d1eb73\"><\/div>\n\n\n\n<p class=\"has-base-color has-text-color has-link-color wp-elements-965799ab0554d2ab003e16e3ed999e51\" style=\"font-size:clamp(0.984rem, 0.984rem + ((1vw - 0.2rem) * 0.86), 1.5rem);\">La construction de l\u2019hologramme peut \u00eatre effectu\u00e9e loin de la salle d\u2019imagerie scanner, chez un consultant ou \u00e0 la maison.<\/p>\n\n\n\n<p class=\"has-base-color has-text-color has-link-color wp-elements-8043d84d7773465641926d7c2f25db2c\" style=\"font-size:clamp(0.984rem, 0.984rem + ((1vw - 0.2rem) * 0.86), 1.5rem);\">L\u2019op\u00e9ration peut \u00eatre ex\u00e9cut\u00e9e dans un environnement non m\u00e9dical et par tout praticien sachant suivre les instructions donn\u00e9es par PERCISIO.<\/p>\n\n\n\n<p class=\"has-base-color has-text-color has-link-color wp-elements-90696d2d98be429b615e95dcc6cd7793\" style=\"font-size:clamp(0.984rem, 0.984rem + ((1vw - 0.2rem) * 0.86), 1.5rem);\">Le syst\u00e8me d\u2019information peut \u00eatre install\u00e9 sur site, sur les serveurs de l\u2019h\u00f4pital ou bien utiliser l\u2019instance cloud d\u00e9ploy\u00e9 sur internet.<\/p>\n<\/div>\n","protected":false},"excerpt":{"rendered":"<p>Une proc\u00e9dure en trois \u00e9tapes Un hologramme est une repr\u00e9sentation fid\u00e8le de l\u2019anatomie du patient. PERCISIO construit automatiquement l&rsquo;hologramme sur la base des images m\u00e9dicales acquises au scanner ou \u00e0 l\u2019IRM. La peau, les organes, les os sont automatiquement reconnus par le logiciel et le docteur peut ici identifier les cibles \u00e0 traiter lors d\u2019une [&hellip;]<\/p>\n","protected":false},"author":1,"featured_media":0,"parent":0,"menu_order":0,"comment_status":"closed","ping_status":"closed","template":"","meta":{"_editorskit_title_hidden":false,"_editorskit_reading_time":0,"_editorskit_is_block_options_detached":false,"_editorskit_block_options_position":"{}","footnotes":""},"class_list":["post-511","page","type-page","status-publish","hentry"],"_links":{"self":[{"href":"https:\/\/percisio.tech\/index.php\/wp-json\/wp\/v2\/pages\/511","targetHints":{"allow":["GET"]}}],"collection":[{"href":"https:\/\/percisio.tech\/index.php\/wp-json\/wp\/v2\/pages"}],"about":[{"href":"https:\/\/percisio.tech\/index.php\/wp-json\/wp\/v2\/types\/page"}],"author":[{"embeddable":true,"href":"https:\/\/percisio.tech\/index.php\/wp-json\/wp\/v2\/users\/1"}],"replies":[{"embeddable":true,"href":"https:\/\/percisio.tech\/index.php\/wp-json\/wp\/v2\/comments?post=511"}],"version-history":[{"count":13,"href":"https:\/\/percisio.tech\/index.php\/wp-json\/wp\/v2\/pages\/511\/revisions"}],"predecessor-version":[{"id":747,"href":"https:\/\/percisio.tech\/index.php\/wp-json\/wp\/v2\/pages\/511\/revisions\/747"}],"wp:attachment":[{"href":"https:\/\/percisio.tech\/index.php\/wp-json\/wp\/v2\/media?parent=511"}],"curies":[{"name":"wp","href":"https:\/\/api.w.org\/{rel}","templated":true}]}}