{"id":514,"date":"2025-04-01T14:36:23","date_gmt":"2025-04-01T12:36:23","guid":{"rendered":"https:\/\/percisio.tech\/?page_id=514"},"modified":"2025-04-23T13:51:42","modified_gmt":"2025-04-23T11:51:42","slug":"technology_fr","status":"publish","type":"page","link":"https:\/\/percisio.tech\/index.php\/fr\/technology_fr\/","title":{"rendered":"Technology_fr"},"content":{"rendered":"\n<div class=\"wp-block-group alignfull has-contrast-background-color has-background has-global-padding is-layout-constrained wp-container-core-group-is-layout-23b1a4dc wp-block-group-is-layout-constrained wp-container-2 is-position-sticky\" style=\"padding-top:var(--wp--preset--spacing--30);padding-right:var(--wp--preset--spacing--30);padding-bottom:var(--wp--preset--spacing--30);padding-left:var(--wp--preset--spacing--30)\">\n<div class=\"wp-block-group alignwide is-content-justification-space-between is-layout-flex wp-container-core-group-is-layout-b2891da8 wp-block-group-is-layout-flex\">\n<div class=\"wp-block-group is-layout-flex wp-block-group-is-layout-flex\">\n<figure class=\"wp-block-image size-full is-resized\"><a href=\"https:\/\/percisio.tech\/index.php\/fr\/home-2\/\"><img loading=\"lazy\" decoding=\"async\" width=\"933\" height=\"267\" src=\"https:\/\/percisio.tech\/wp-content\/uploads\/2025\/04\/logo_PERCISIO.jpg\" alt=\"\" class=\"wp-image-495\" style=\"width:150px\" srcset=\"https:\/\/percisio.tech\/wp-content\/uploads\/2025\/04\/logo_PERCISIO.jpg 933w, https:\/\/percisio.tech\/wp-content\/uploads\/2025\/04\/logo_PERCISIO-300x86.jpg 300w, https:\/\/percisio.tech\/wp-content\/uploads\/2025\/04\/logo_PERCISIO-768x220.jpg 768w\" sizes=\"auto, (max-width: 933px) 100vw, 933px\" \/><\/a><\/figure>\n<\/div>\n\n\n<nav style=\"font-size:clamp(0.875rem, 0.875rem + ((1vw - 0.2rem) * 0.542), 1.2rem);\" class=\"has-text-color has-base-2-color is-responsive wp-block-navigation is-layout-flex wp-block-navigation-is-layout-flex\" aria-label=\"Header_fr\" \n\t\t data-wp-interactive=\"core\/navigation\" data-wp-context='{\"overlayOpenedBy\":{\"click\":false,\"hover\":false,\"focus\":false},\"type\":\"overlay\",\"roleAttribute\":\"\",\"ariaLabel\":\"Menu\"}'><button aria-haspopup=\"dialog\" aria-label=\"Ouvrir le menu\" class=\"wp-block-navigation__responsive-container-open\" \n\t\t\t\tdata-wp-on--click=\"actions.openMenuOnClick\"\n\t\t\t\tdata-wp-on--keydown=\"actions.handleMenuKeydown\"\n\t\t\t><svg width=\"24\" height=\"24\" xmlns=\"http:\/\/www.w3.org\/2000\/svg\" viewBox=\"0 0 24 24\" aria-hidden=\"true\" focusable=\"false\"><path d=\"M4 7.5h16v1.5H4z\"><\/path><path d=\"M4 15h16v1.5H4z\"><\/path><\/svg><\/button>\n\t\t\t\t<div class=\"wp-block-navigation__responsive-container\"  id=\"modal-1\" \n\t\t\t\tdata-wp-class--has-modal-open=\"state.isMenuOpen\"\n\t\t\t\tdata-wp-class--is-menu-open=\"state.isMenuOpen\"\n\t\t\t\tdata-wp-watch=\"callbacks.initMenu\"\n\t\t\t\tdata-wp-on--keydown=\"actions.handleMenuKeydown\"\n\t\t\t\tdata-wp-on--focusout=\"actions.handleMenuFocusout\"\n\t\t\t\ttabindex=\"-1\"\n\t\t\t>\n\t\t\t\t\t<div class=\"wp-block-navigation__responsive-close\" tabindex=\"-1\">\n\t\t\t\t\t\t<div class=\"wp-block-navigation__responsive-dialog\" \n\t\t\t\tdata-wp-bind--aria-modal=\"state.ariaModal\"\n\t\t\t\tdata-wp-bind--aria-label=\"state.ariaLabel\"\n\t\t\t\tdata-wp-bind--role=\"state.roleAttribute\"\n\t\t\t>\n\t\t\t\t\t\t\t<button aria-label=\"Fermer le menu\" class=\"wp-block-navigation__responsive-container-close\" \n\t\t\t\tdata-wp-on--click=\"actions.closeMenuOnClick\"\n\t\t\t><svg xmlns=\"http:\/\/www.w3.org\/2000\/svg\" viewBox=\"0 0 24 24\" width=\"24\" height=\"24\" aria-hidden=\"true\" focusable=\"false\"><path d=\"m13.06 12 6.47-6.47-1.06-1.06L12 10.94 5.53 4.47 4.47 5.53 10.94 12l-6.47 6.47 1.06 1.06L12 13.06l6.47 6.47 1.06-1.06L13.06 12Z\"><\/path><\/svg><\/button>\n\t\t\t\t\t\t\t<div class=\"wp-block-navigation__responsive-container-content\" \n\t\t\t\tdata-wp-watch=\"callbacks.focusFirstElement\"\n\t\t\t id=\"modal-1-content\">\n\t\t\t\t\t\t\t\t<ul style=\"font-size:clamp(0.875rem, 0.875rem + ((1vw - 0.2rem) * 0.542), 1.2rem);\" class=\"wp-block-navigation__container has-text-color has-base-2-color is-responsive wp-block-navigation\"><li style=\"font-size: clamp(0.875rem, 0.875rem + ((1vw - 0.2rem) * 0.542), 1.2rem);\" class=\" wp-block-navigation-item wp-block-navigation-link\"><a class=\"wp-block-navigation-item__content\"  href=\"https:\/\/percisio.tech\/index.php\/fr\/project_fr\/\"><span class=\"wp-block-navigation-item__label\">Projet<\/span><\/a><\/li><li style=\"font-size: clamp(0.875rem, 0.875rem + ((1vw - 0.2rem) * 0.542), 1.2rem);\" class=\" wp-block-navigation-item wp-block-navigation-link\"><a class=\"wp-block-navigation-item__content\"  href=\"https:\/\/percisio.tech\/index.php\/procedure_fr\/\"><span class=\"wp-block-navigation-item__label\">Proc\u00e9dure<\/span><\/a><\/li><li style=\"font-size: clamp(0.875rem, 0.875rem + ((1vw - 0.2rem) * 0.542), 1.2rem);\" class=\" wp-block-navigation-item wp-block-navigation-link\"><a class=\"wp-block-navigation-item__content\"  href=\"https:\/\/percisio.tech\/index.php\/fr\/technology_fr\/\"><span class=\"wp-block-navigation-item__label\">Technologie<\/span><\/a><\/li><li style=\"font-size: clamp(0.875rem, 0.875rem + ((1vw - 0.2rem) * 0.542), 1.2rem);\" class=\" wp-block-navigation-item wp-block-navigation-link\"><a class=\"wp-block-navigation-item__content\"  href=\"https:\/\/percisio.tech\/index.php\/fr\/video_fr\/\"><span class=\"wp-block-navigation-item__label\">Vid\u00e9os<\/span><\/a><\/li><li style=\"font-size: clamp(0.875rem, 0.875rem + ((1vw - 0.2rem) * 0.542), 1.2rem);\" class=\" wp-block-navigation-item wp-block-navigation-link\"><a class=\"wp-block-navigation-item__content\"  href=\"https:\/\/percisio.tech\/index.php\/fr\/documentation_fr\/\"><span class=\"wp-block-navigation-item__label\">Documentation<\/span><\/a><\/li><li style=\"font-size: clamp(0.875rem, 0.875rem + ((1vw - 0.2rem) * 0.542), 1.2rem);\" class=\" wp-block-navigation-item wp-block-navigation-link\"><a class=\"wp-block-navigation-item__content\"  href=\"https:\/\/percisio.tech\/index.php\/fr\/contact_fr\/\"><span class=\"wp-block-navigation-item__label\">Contact<\/span><\/a><\/li><\/ul>\n\t\t\t\t\t\t\t<\/div>\n\t\t\t\t\t\t<\/div>\n\t\t\t\t\t<\/div>\n\t\t\t\t<\/div><\/nav>\n\n\n<div class=\"wp-block-buttons is-layout-flex wp-block-buttons-is-layout-flex\">\n<div class=\"wp-block-button\"><a class=\"wp-block-button__link wp-element-button\" href=\"https:\/\/dicomweb.percisio.tech\" target=\"_blank\" rel=\"noreferrer noopener\">DicomWEB<\/a><\/div>\n<\/div>\n\n\n\n<figure class=\"wp-block-image size-large is-resized\"><a href=\"https:\/\/percisio.tech\/index.php\/the-technology\/\"><img loading=\"lazy\" decoding=\"async\" width=\"1024\" height=\"614\" src=\"https:\/\/percisio.tech\/wp-content\/uploads\/2025\/04\/uk-1024x614.jpg\" alt=\"\" class=\"wp-image-501\" style=\"width:35px\" srcset=\"https:\/\/percisio.tech\/wp-content\/uploads\/2025\/04\/uk-1024x614.jpg 1024w, https:\/\/percisio.tech\/wp-content\/uploads\/2025\/04\/uk-300x180.jpg 300w, https:\/\/percisio.tech\/wp-content\/uploads\/2025\/04\/uk-768x461.jpg 768w, https:\/\/percisio.tech\/wp-content\/uploads\/2025\/04\/uk-1536x921.jpg 1536w, https:\/\/percisio.tech\/wp-content\/uploads\/2025\/04\/uk.jpg 2048w\" sizes=\"auto, (max-width: 1024px) 100vw, 1024px\" \/><\/a><\/figure>\n<\/div>\n<\/div>\n\n\n\n<div class=\"wp-block-group alignwide is-vertical is-layout-flex wp-container-core-group-is-layout-fe9cc265 wp-block-group-is-layout-flex\">\n<h2 class=\"wp-block-heading has-base-2-color has-text-color has-link-color wp-elements-4c933a0c8b60d0b0def66f92ec282114\">Une vision par ordinateur<\/h2>\n\n\n\n<p class=\"has-base-color has-text-color has-link-color wp-elements-0fc722fbd64bfb44e0454ae83bfe912f\" style=\"font-size:clamp(0.984rem, 0.984rem + ((1vw - 0.2rem) * 0.86), 1.5rem);\">PERCISIO utilise une cam\u00e9ra de profondeur pour num\u00e9riser son environnent et reconna\u00eetre les volumes plac\u00e9s dans son champ. Quand un volume correspond \u00e0 un hologramme charg\u00e9 dans sa m\u00e9moire, PERCISIO l\u2019affiche \u00e0 l\u2019\u00e9cran.<\/p>\n\n\n\n<div style=\"height:0px\" aria-hidden=\"true\" class=\"wp-block-spacer wp-container-content-16d1eb73\"><\/div>\n\n\n\n<figure class=\"wp-block-image size-full is-resized\" style=\"margin-right:25%;margin-left:25%\"><img loading=\"lazy\" decoding=\"async\" width=\"971\" height=\"513\" src=\"https:\/\/percisio.tech\/wp-content\/uploads\/2025\/03\/match.jpg\" alt=\"\" class=\"wp-image-368\" style=\"width:651px;height:auto\" srcset=\"https:\/\/percisio.tech\/wp-content\/uploads\/2025\/03\/match.jpg 971w, https:\/\/percisio.tech\/wp-content\/uploads\/2025\/03\/match-300x158.jpg 300w, https:\/\/percisio.tech\/wp-content\/uploads\/2025\/03\/match-768x406.jpg 768w\" sizes=\"auto, (max-width: 971px) 100vw, 971px\" \/><\/figure>\n\n\n\n<div style=\"height:0px\" aria-hidden=\"true\" class=\"wp-block-spacer wp-container-content-16d1eb73\"><\/div>\n\n\n\n<p class=\"has-base-color has-text-color has-link-color wp-elements-fa8681136fae61ab2e5cdd2fdad84755\" style=\"font-size:clamp(0.984rem, 0.984rem + ((1vw - 0.2rem) * 0.86), 1.5rem);\">Dans notre exemple, PERCISIO affiche l\u2019hologramme du corps factice <a href=\"https:\/\/www.kyotokagaku.com\/en\/products_data\/ph-2_01\/\">KYOTO KAGAKU <\/a>&nbsp;utilis\u00e9 pour nos tests.<\/p>\n\n\n\n<p class=\"has-base-color has-text-color has-link-color wp-elements-18f00557e85b8c5af78d5ee58f273378\" style=\"font-size:clamp(0.984rem, 0.984rem + ((1vw - 0.2rem) * 0.86), 1.5rem);\">Apr\u00e8s avoir correctement reconnu le volume, PERCISIO continue sa surveillance pour s\u2019assurer que le patient reste immobile durant l\u2019op\u00e9ration. Le praticien peut maintenant op\u00e9rer en toute tranquillit\u00e9.<\/p>\n\n\n\n<div class=\"wp-block-columns is-layout-flex wp-container-core-columns-is-layout-28f84493 wp-block-columns-is-layout-flex\">\n<div class=\"wp-block-column is-vertically-aligned-center is-layout-flow wp-block-column-is-layout-flow\">\n<p class=\"has-base-color has-text-color has-link-color wp-elements-e630ffc71abb1dc5e0343fa3edd41daf\" style=\"font-size:clamp(0.984rem, 0.984rem + ((1vw - 0.2rem) * 0.86), 1.5rem);\">Le praticien peut acc\u00e9der \u00e0 diff\u00e9rentes vues tout au long de l\u2019op\u00e9ration.<\/p>\n\n\n\n<p class=\"has-base-color has-text-color has-link-color wp-elements-367750d98216e6182eea78fa222b2a3b\" style=\"font-size:clamp(0.984rem, 0.984rem + ((1vw - 0.2rem) * 0.86), 1.5rem);\">Sur la gauche, l\u2019hologramme appara\u00eet sans sa peau, montrant une anatomie simplifi\u00e9e avec le foie et \u00e0 l\u2019int\u00e9rieur la sph\u00e8re jaune repr\u00e9sentant l\u2019abc\u00e8s.<\/p>\n\n\n\n<p class=\"has-base-color has-text-color has-link-color wp-elements-f28f4d44a9c43d8e4a7a8563af2ae26f\" style=\"font-size:clamp(0.984rem, 0.984rem + ((1vw - 0.2rem) * 0.86), 1.5rem);\">Sur la droite, une zone vert clair est positionn\u00e9e sur la peau pour indiquer au praticien o\u00f9 il doit ins\u00e9rer l\u2019aiguille.<\/p>\n<\/div>\n\n\n\n<div class=\"wp-block-column is-layout-flow wp-block-column-is-layout-flow\" style=\"flex-basis:600px\">\n<figure class=\"wp-block-image size-full\"><img loading=\"lazy\" decoding=\"async\" width=\"663\" height=\"523\" src=\"https:\/\/percisio.tech\/wp-content\/uploads\/2025\/03\/data_tablet.jpg\" alt=\"\" class=\"wp-image-370\" style=\"object-fit:cover\" srcset=\"https:\/\/percisio.tech\/wp-content\/uploads\/2025\/03\/data_tablet.jpg 663w, https:\/\/percisio.tech\/wp-content\/uploads\/2025\/03\/data_tablet-300x237.jpg 300w\" sizes=\"auto, (max-width: 663px) 100vw, 663px\" \/><\/figure>\n<\/div>\n<\/div>\n\n\n\n<div style=\"height:0px\" aria-hidden=\"true\" class=\"wp-block-spacer wp-container-content-c0740251\"><\/div>\n\n\n\n<h2 class=\"wp-block-heading has-base-2-color has-text-color has-link-color wp-elements-c2d265a47fa4fdb9c5cd42067b96c075\">Un suivi pr\u00e9cis de la position dans l&rsquo;espace<\/h2>\n\n\n\n<p class=\"has-base-color has-text-color has-link-color wp-elements-4dcc0afc3751d5a457bb046d558c0e86\" style=\"font-size:clamp(0.984rem, 0.984rem + ((1vw - 0.2rem) * 0.86), 1.5rem);\">PERCISIO est livr\u00e9 avec un ensemble complet de modules d&rsquo;attache, chacun \u00e9tant \u00e9quip\u00e9 d\u2019un syst\u00e8me \u00e9lectronique con\u00e7u pour assurer un suivi spatial en temps r\u00e9el.<\/p>\n\n\n\n<div class=\"wp-block-columns is-layout-flex wp-container-core-columns-is-layout-28f84493 wp-block-columns-is-layout-flex\">\n<div class=\"wp-block-column is-vertically-aligned-center is-layout-flow wp-block-column-is-layout-flow\">\n<p class=\"has-base-color has-text-color has-link-color wp-elements-286dce7becd914d6cf497b33aa5a5d97\" style=\"font-size:clamp(0.984rem, 0.984rem + ((1vw - 0.2rem) * 0.86), 1.5rem);\">L\u2019illustration ci-contre montre le module attach\u00e9 \u00e0 une aiguille utilis\u00e9e pour les op\u00e9rations percutan\u00e9es.<\/p>\n\n\n\n<p class=\"has-base-color has-text-color has-link-color wp-elements-d2f92f694124bcf05c88ef4bf56a3a72\" style=\"font-size:clamp(0.984rem, 0.984rem + ((1vw - 0.2rem) * 0.86), 1.5rem);\">Les tests effectu\u00e9s sur un <a href=\"https:\/\/www.sunnuclear.com\/products\/multi-modality-abdominal-biopsy-phantoms\">fant\u00f4me abdominal<\/a> d\u00e9montrent que le syst\u00e8me de suivi garantit une pr\u00e9cision millim\u00e9trique, laquelle peut \u00eatre am\u00e9lior\u00e9e avec tout type de sonde \u00e9chographique.<\/p>\n\n\n\n<p class=\"has-base-color has-text-color has-link-color wp-elements-80ef4df0c1e556fb3782c85567b0de24\" style=\"font-size:clamp(0.984rem, 0.984rem + ((1vw - 0.2rem) * 0.86), 1.5rem);\">Chaque module d\u2019attache est suffisamment l\u00e9ger pour ne pas g\u00eaner le praticien durant l\u2019intervention.<\/p>\n<\/div>\n\n\n\n<div class=\"wp-block-column is-vertically-aligned-center is-layout-flow wp-block-column-is-layout-flow\" style=\"flex-basis:153px\">\n<figure class=\"wp-block-image size-full\"><img loading=\"lazy\" decoding=\"async\" width=\"175\" height=\"272\" src=\"https:\/\/percisio.tech\/wp-content\/uploads\/2025\/04\/electric-1.png\" alt=\"\" class=\"wp-image-664\"\/><\/figure>\n<\/div>\n<\/div>\n\n\n\n<p class=\"has-base-color has-text-color has-link-color wp-elements-57f760105ffb6c12c98e9fa2d3ba021a\" style=\"font-size:clamp(0.984rem, 0.984rem + ((1vw - 0.2rem) * 0.86), 1.5rem);\">Les modules d\u2019attache sont compatibles avec une large gamme d\u2019instruments m\u00e9dicaux, notamment:<\/p>\n\n\n\n<div class=\"wp-block-columns is-layout-flex wp-container-core-columns-is-layout-28f84493 wp-block-columns-is-layout-flex\" style=\"font-size:clamp(0.984rem, 0.984rem + ((1vw - 0.2rem) * 0.86), 1.5rem);\">\n<div class=\"wp-block-column is-layout-flow wp-block-column-is-layout-flow\" style=\"font-size:clamp(0.984rem, 0.984rem + ((1vw - 0.2rem) * 0.86), 1.5rem);\">\n<ul class=\"wp-block-list has-base-color has-text-color has-link-color wp-elements-e062f19c5cc23600076087d381d6b91d\">\n<li>Aiguilles et cath\u00e9ters\n<ul style=\"font-size:clamp(0.984rem, 0.984rem + ((1vw - 0.2rem) * 0.86), 1.5rem);\" class=\"wp-block-list\">\n<li>Aiguilles de biopsie<\/li>\n\n\n\n<li>Aiguilles pour interventions percutan\u00e9es<\/li>\n\n\n\n<li>Aiguilles p\u00e9ridurales<\/li>\n\n\n\n<li>Cath\u00e9ters veineux centraux<\/li>\n<\/ul>\n<\/li>\n<\/ul>\n<\/div>\n\n\n\n<div class=\"wp-block-column is-layout-flow wp-block-column-is-layout-flow\">\n<ul class=\"wp-block-list\">\n<li class=\"has-base-color has-text-color has-link-color wp-elements-eb6d42dff805cf4555014a86dd98d359\">Sondes \u00e9chographiques\n<ul class=\"wp-block-list\">\n<li>Sonde lin\u00e9aire<\/li>\n\n\n\n<li>Sonde convexe<\/li>\n<\/ul>\n<\/li>\n<\/ul>\n<\/div>\n\n\n\n<div class=\"wp-block-column is-layout-flow wp-block-column-is-layout-flow\">\n<ul class=\"wp-block-list\">\n<li class=\"has-base-color has-text-color has-link-color wp-elements-bfa682db4c33055a26f11296b539783b\">Instruments chirurgicaux\n<ul class=\"wp-block-list\">\n<li>Instruments de laparoscopie<\/li>\n\n\n\n<li>Sondes d\u2019\u00e9lectrochirurgie<\/li>\n<\/ul>\n<\/li>\n<\/ul>\n<\/div>\n\n\n\n<div class=\"wp-block-column is-layout-flow wp-block-column-is-layout-flow\">\n<ul class=\"wp-block-list\">\n<li class=\"has-base-color has-text-color has-link-color wp-elements-63d2f80009266f6a5f659f77252d8a22\">Instruments endoscopiques et de chirurgie mini-invasive<\/li>\n\n\n\n<li class=\"has-base-color has-text-color has-link-color wp-elements-09be63d7cee960c55146d9ea7af279ff\">Dispositifs de th\u00e9rapie par rayonnement ou laser<\/li>\n<\/ul>\n<\/div>\n<\/div>\n\n\n\n<div style=\"height:0px\" aria-hidden=\"true\" class=\"wp-block-spacer wp-container-content-c0740251\"><\/div>\n\n\n\n<h2 class=\"wp-block-heading has-base-2-color has-text-color has-link-color wp-elements-89ef81db468caba6cb5280773a43d80d\">L&rsquo;\u00e9quipement<\/h2>\n\n\n\n<div class=\"wp-block-columns is-layout-flex wp-container-core-columns-is-layout-28f84493 wp-block-columns-is-layout-flex\">\n<div class=\"wp-block-column is-vertically-aligned-center is-layout-flow wp-block-column-is-layout-flow\">\n<p class=\"has-base-color has-text-color has-link-color wp-elements-3f3bec0fabf1a20aad6b4fb7af769fbb\" style=\"font-size:clamp(0.984rem, 0.984rem + ((1vw - 0.2rem) * 0.86), 1.5rem);\">PERCISIO est plus l\u00e9ger que tout autre produit comparable et peut \u00eatre facilement transport\u00e9 dans un petit sac, d\u2019une salle \u00e0 une autre, voire en dehors de l\u2019h\u00f4pital.<\/p>\n\n\n\n<p class=\"has-base-color has-text-color has-link-color wp-elements-2bd6e91eb54d50a34703feb628a747df\" style=\"font-size:clamp(0.984rem, 0.984rem + ((1vw - 0.2rem) * 0.86), 1.5rem);\">Ce nouveau standard red\u00e9finit les proc\u00e9dures m\u00e9dicales dans de nombreuses applications et contribue \u00e0 soulager les services m\u00e9dicaux sous tension.<\/p>\n<\/div>\n\n\n\n<div class=\"wp-block-column has-global-padding is-layout-constrained wp-block-column-is-layout-constrained\" style=\"flex-basis:400px\">\n<figure class=\"wp-block-image size-full\"><img loading=\"lazy\" decoding=\"async\" width=\"521\" height=\"296\" src=\"https:\/\/percisio.tech\/wp-content\/uploads\/2025\/03\/setup2-1.png\" alt=\"\" class=\"wp-image-400\" style=\"object-fit:cover\" srcset=\"https:\/\/percisio.tech\/wp-content\/uploads\/2025\/03\/setup2-1.png 521w, https:\/\/percisio.tech\/wp-content\/uploads\/2025\/03\/setup2-1-300x170.png 300w\" sizes=\"auto, (max-width: 521px) 100vw, 521px\" \/><\/figure>\n<\/div>\n<\/div>\n<\/div>\n","protected":false},"excerpt":{"rendered":"<p>Une vision par ordinateur PERCISIO utilise une cam\u00e9ra de profondeur pour num\u00e9riser son environnent et reconna\u00eetre les volumes plac\u00e9s dans son champ. Quand un volume correspond \u00e0 un hologramme charg\u00e9 dans sa m\u00e9moire, PERCISIO l\u2019affiche \u00e0 l\u2019\u00e9cran. Dans notre exemple, PERCISIO affiche l\u2019hologramme du corps factice KYOTO KAGAKU &nbsp;utilis\u00e9 pour nos tests. Apr\u00e8s avoir correctement [&hellip;]<\/p>\n","protected":false},"author":1,"featured_media":0,"parent":0,"menu_order":0,"comment_status":"closed","ping_status":"closed","template":"","meta":{"_editorskit_title_hidden":false,"_editorskit_reading_time":0,"_editorskit_is_block_options_detached":false,"_editorskit_block_options_position":"{}","footnotes":""},"class_list":["post-514","page","type-page","status-publish","hentry"],"_links":{"self":[{"href":"https:\/\/percisio.tech\/index.php\/wp-json\/wp\/v2\/pages\/514","targetHints":{"allow":["GET"]}}],"collection":[{"href":"https:\/\/percisio.tech\/index.php\/wp-json\/wp\/v2\/pages"}],"about":[{"href":"https:\/\/percisio.tech\/index.php\/wp-json\/wp\/v2\/types\/page"}],"author":[{"embeddable":true,"href":"https:\/\/percisio.tech\/index.php\/wp-json\/wp\/v2\/users\/1"}],"replies":[{"embeddable":true,"href":"https:\/\/percisio.tech\/index.php\/wp-json\/wp\/v2\/comments?post=514"}],"version-history":[{"count":12,"href":"https:\/\/percisio.tech\/index.php\/wp-json\/wp\/v2\/pages\/514\/revisions"}],"predecessor-version":[{"id":677,"href":"https:\/\/percisio.tech\/index.php\/wp-json\/wp\/v2\/pages\/514\/revisions\/677"}],"wp:attachment":[{"href":"https:\/\/percisio.tech\/index.php\/wp-json\/wp\/v2\/media?parent=514"}],"curies":[{"name":"wp","href":"https:\/\/api.w.org\/{rel}","templated":true}]}}