{"id":588,"date":"2025-04-01T20:08:42","date_gmt":"2025-04-01T18:08:42","guid":{"rendered":"https:\/\/percisio.tech\/?page_id=588"},"modified":"2025-07-22T16:44:12","modified_gmt":"2025-07-22T14:44:12","slug":"video_fr","status":"publish","type":"page","link":"https:\/\/percisio.tech\/index.php\/fr\/video_fr\/","title":{"rendered":"video_fr"},"content":{"rendered":"\n<div class=\"wp-block-group alignfull has-contrast-background-color has-background has-global-padding is-layout-constrained wp-container-core-group-is-layout-23b1a4dc wp-block-group-is-layout-constrained wp-container-2 is-position-sticky\" style=\"padding-top:var(--wp--preset--spacing--30);padding-right:var(--wp--preset--spacing--30);padding-bottom:var(--wp--preset--spacing--30);padding-left:var(--wp--preset--spacing--30)\">\n<div class=\"wp-block-group alignwide is-content-justification-space-between is-layout-flex wp-container-core-group-is-layout-b2891da8 wp-block-group-is-layout-flex\">\n<div class=\"wp-block-group is-layout-flex wp-block-group-is-layout-flex\">\n<figure class=\"wp-block-image size-full is-resized\"><a href=\"https:\/\/percisio.tech\/index.php\/fr\/home-2\/\"><img loading=\"lazy\" decoding=\"async\" width=\"933\" height=\"267\" src=\"https:\/\/percisio.tech\/wp-content\/uploads\/2025\/04\/logo_PERCISIO.jpg\" alt=\"\" class=\"wp-image-495\" style=\"width:150px\" srcset=\"https:\/\/percisio.tech\/wp-content\/uploads\/2025\/04\/logo_PERCISIO.jpg 933w, https:\/\/percisio.tech\/wp-content\/uploads\/2025\/04\/logo_PERCISIO-300x86.jpg 300w, https:\/\/percisio.tech\/wp-content\/uploads\/2025\/04\/logo_PERCISIO-768x220.jpg 768w\" sizes=\"auto, (max-width: 933px) 100vw, 933px\" \/><\/a><\/figure>\n<\/div>\n\n\n<nav style=\"font-size:clamp(0.875rem, 0.875rem + ((1vw - 0.2rem) * 0.542), 1.2rem);\" class=\"has-text-color has-base-2-color is-responsive wp-block-navigation is-layout-flex wp-block-navigation-is-layout-flex\" aria-label=\"Header_fr\" \n\t\t data-wp-interactive=\"core\/navigation\" data-wp-context='{\"overlayOpenedBy\":{\"click\":false,\"hover\":false,\"focus\":false},\"type\":\"overlay\",\"roleAttribute\":\"\",\"ariaLabel\":\"Menu\"}'><button aria-haspopup=\"dialog\" aria-label=\"Ouvrir le menu\" class=\"wp-block-navigation__responsive-container-open\" \n\t\t\t\tdata-wp-on--click=\"actions.openMenuOnClick\"\n\t\t\t\tdata-wp-on--keydown=\"actions.handleMenuKeydown\"\n\t\t\t><svg width=\"24\" height=\"24\" xmlns=\"http:\/\/www.w3.org\/2000\/svg\" viewBox=\"0 0 24 24\" aria-hidden=\"true\" focusable=\"false\"><path d=\"M4 7.5h16v1.5H4z\"><\/path><path d=\"M4 15h16v1.5H4z\"><\/path><\/svg><\/button>\n\t\t\t\t<div class=\"wp-block-navigation__responsive-container\"  id=\"modal-1\" \n\t\t\t\tdata-wp-class--has-modal-open=\"state.isMenuOpen\"\n\t\t\t\tdata-wp-class--is-menu-open=\"state.isMenuOpen\"\n\t\t\t\tdata-wp-watch=\"callbacks.initMenu\"\n\t\t\t\tdata-wp-on--keydown=\"actions.handleMenuKeydown\"\n\t\t\t\tdata-wp-on--focusout=\"actions.handleMenuFocusout\"\n\t\t\t\ttabindex=\"-1\"\n\t\t\t>\n\t\t\t\t\t<div class=\"wp-block-navigation__responsive-close\" tabindex=\"-1\">\n\t\t\t\t\t\t<div class=\"wp-block-navigation__responsive-dialog\" \n\t\t\t\tdata-wp-bind--aria-modal=\"state.ariaModal\"\n\t\t\t\tdata-wp-bind--aria-label=\"state.ariaLabel\"\n\t\t\t\tdata-wp-bind--role=\"state.roleAttribute\"\n\t\t\t>\n\t\t\t\t\t\t\t<button aria-label=\"Fermer le menu\" class=\"wp-block-navigation__responsive-container-close\" \n\t\t\t\tdata-wp-on--click=\"actions.closeMenuOnClick\"\n\t\t\t><svg xmlns=\"http:\/\/www.w3.org\/2000\/svg\" viewBox=\"0 0 24 24\" width=\"24\" height=\"24\" aria-hidden=\"true\" focusable=\"false\"><path d=\"m13.06 12 6.47-6.47-1.06-1.06L12 10.94 5.53 4.47 4.47 5.53 10.94 12l-6.47 6.47 1.06 1.06L12 13.06l6.47 6.47 1.06-1.06L13.06 12Z\"><\/path><\/svg><\/button>\n\t\t\t\t\t\t\t<div class=\"wp-block-navigation__responsive-container-content\" \n\t\t\t\tdata-wp-watch=\"callbacks.focusFirstElement\"\n\t\t\t id=\"modal-1-content\">\n\t\t\t\t\t\t\t\t<ul style=\"font-size:clamp(0.875rem, 0.875rem + ((1vw - 0.2rem) * 0.542), 1.2rem);\" class=\"wp-block-navigation__container has-text-color has-base-2-color is-responsive wp-block-navigation\"><li style=\"font-size: clamp(0.875rem, 0.875rem + ((1vw - 0.2rem) * 0.542), 1.2rem);\" class=\" wp-block-navigation-item wp-block-navigation-link\"><a class=\"wp-block-navigation-item__content\"  href=\"https:\/\/percisio.tech\/index.php\/fr\/project_fr\/\"><span class=\"wp-block-navigation-item__label\">Projet<\/span><\/a><\/li><li style=\"font-size: clamp(0.875rem, 0.875rem + ((1vw - 0.2rem) * 0.542), 1.2rem);\" class=\" wp-block-navigation-item wp-block-navigation-link\"><a class=\"wp-block-navigation-item__content\"  href=\"https:\/\/percisio.tech\/index.php\/procedure_fr\/\"><span class=\"wp-block-navigation-item__label\">Proc\u00e9dure<\/span><\/a><\/li><li style=\"font-size: clamp(0.875rem, 0.875rem + ((1vw - 0.2rem) * 0.542), 1.2rem);\" class=\" wp-block-navigation-item wp-block-navigation-link\"><a class=\"wp-block-navigation-item__content\"  href=\"https:\/\/percisio.tech\/index.php\/fr\/technology_fr\/\"><span class=\"wp-block-navigation-item__label\">Technologie<\/span><\/a><\/li><li style=\"font-size: clamp(0.875rem, 0.875rem + ((1vw - 0.2rem) * 0.542), 1.2rem);\" class=\" wp-block-navigation-item wp-block-navigation-link\"><a class=\"wp-block-navigation-item__content\"  href=\"https:\/\/percisio.tech\/index.php\/fr\/video_fr\/\"><span class=\"wp-block-navigation-item__label\">Vid\u00e9os<\/span><\/a><\/li><li style=\"font-size: clamp(0.875rem, 0.875rem + ((1vw - 0.2rem) * 0.542), 1.2rem);\" class=\" wp-block-navigation-item wp-block-navigation-link\"><a class=\"wp-block-navigation-item__content\"  href=\"https:\/\/percisio.tech\/index.php\/fr\/documentation_fr\/\"><span class=\"wp-block-navigation-item__label\">Documentation<\/span><\/a><\/li><li style=\"font-size: clamp(0.875rem, 0.875rem + ((1vw - 0.2rem) * 0.542), 1.2rem);\" class=\" wp-block-navigation-item wp-block-navigation-link\"><a class=\"wp-block-navigation-item__content\"  href=\"https:\/\/percisio.tech\/index.php\/fr\/contact_fr\/\"><span class=\"wp-block-navigation-item__label\">Contact<\/span><\/a><\/li><\/ul>\n\t\t\t\t\t\t\t<\/div>\n\t\t\t\t\t\t<\/div>\n\t\t\t\t\t<\/div>\n\t\t\t\t<\/div><\/nav>\n\n\n<div class=\"wp-block-buttons is-layout-flex wp-block-buttons-is-layout-flex\">\n<div class=\"wp-block-button\"><a class=\"wp-block-button__link wp-element-button\" href=\"https:\/\/dicomweb.percisio.tech\" target=\"_blank\" rel=\"noreferrer noopener\">DicomWEB<\/a><\/div>\n<\/div>\n\n\n\n<figure class=\"wp-block-image size-large is-resized\"><a href=\"https:\/\/percisio.tech\/index.php\/video_uk\/\"><img loading=\"lazy\" decoding=\"async\" width=\"1024\" height=\"614\" src=\"https:\/\/percisio.tech\/wp-content\/uploads\/2025\/04\/uk-1024x614.jpg\" alt=\"\" class=\"wp-image-501\" style=\"width:35px\" srcset=\"https:\/\/percisio.tech\/wp-content\/uploads\/2025\/04\/uk-1024x614.jpg 1024w, https:\/\/percisio.tech\/wp-content\/uploads\/2025\/04\/uk-300x180.jpg 300w, https:\/\/percisio.tech\/wp-content\/uploads\/2025\/04\/uk-768x461.jpg 768w, https:\/\/percisio.tech\/wp-content\/uploads\/2025\/04\/uk-1536x921.jpg 1536w, https:\/\/percisio.tech\/wp-content\/uploads\/2025\/04\/uk.jpg 2048w\" sizes=\"auto, (max-width: 1024px) 100vw, 1024px\" \/><\/a><\/figure>\n<\/div>\n<\/div>\n\n\n\n<div class=\"wp-block-group alignwide is-vertical is-layout-flex wp-container-core-group-is-layout-fe9cc265 wp-block-group-is-layout-flex\">\n<h2 class=\"wp-block-heading has-base-color has-text-color has-link-color wp-elements-84ef0d4d99bbe72ffbb2e378ab5a92ea\">Pr\u00e9sentation g\u00e9n\u00e9rale<\/h2>\n\n\n\n<p class=\"has-base-2-color has-text-color has-link-color wp-elements-bd88274399fe5cfd5fbec794630d08da\" style=\"font-size:clamp(0.984rem, 0.984rem + ((1vw - 0.2rem) * 0.86), 1.5rem);\">Cette vid\u00e9o pr\u00e9sente le dispositif m\u00e9dical PERCISIO en mettant en avant deux \u00e9tapes cl\u00e9s : la construction de l\u2019hologramme et le d\u00e9roulement de la proc\u00e9dure. Dans cette d\u00e9monstration, nous utiliserons le fant\u00f4me abdominal de la soci\u00e9t\u00e9 CIRC.<\/p>\n<\/div>\n\n\n\n<figure class=\"wp-block-embed is-type-video is-provider-youtube wp-block-embed-youtube wp-embed-aspect-16-9 wp-has-aspect-ratio\"><div class=\"wp-block-embed__wrapper\">\n<iframe loading=\"lazy\" title=\"Introduction to PERCISIO\" width=\"500\" height=\"281\" src=\"https:\/\/www.youtube.com\/embed\/zgXU63Wfcu4?feature=oembed\" frameborder=\"0\" allow=\"accelerometer; autoplay; clipboard-write; encrypted-media; gyroscope; picture-in-picture; web-share\" referrerpolicy=\"strict-origin-when-cross-origin\" allowfullscreen><\/iframe>\n<\/div><\/figure>\n\n\n\n<div class=\"wp-block-group alignwide is-vertical is-layout-flex wp-container-core-group-is-layout-fe9cc265 wp-block-group-is-layout-flex\">\n<h2 class=\"wp-block-heading has-base-color has-text-color has-link-color wp-elements-4388b247377e6ffa04ce496da12a2376\">Aper\u00e7u technique<\/h2>\n\n\n\n<p class=\"has-base-color has-text-color has-link-color wp-elements-b1ed52719da2ee4cdf345e7219fe0dfe\" style=\"font-size:clamp(0.984rem, 0.984rem + ((1vw - 0.2rem) * 0.86), 1.5rem);\">Cette vid\u00e9o pr\u00e9sente les choix technologiques de PERCISIO et positionne le syst\u00e8me par rapport \u00e0 d&rsquo;autres technologies, telles que le suivi \u00e9lectromagn\u00e9tique et le suivi infrarouge. Nous abordons \u00e9galement le probl\u00e8me de la position du patient en expliquant comment PERCISIO y r\u00e9pond efficacement.<\/p>\n<\/div>\n\n\n\n<figure class=\"wp-block-embed is-type-video is-provider-youtube wp-block-embed-youtube wp-embed-aspect-16-9 wp-has-aspect-ratio\"><div class=\"wp-block-embed__wrapper\">\n<iframe loading=\"lazy\" title=\"Technical presentation\" width=\"500\" height=\"281\" src=\"https:\/\/www.youtube.com\/embed\/AB-lq46epYU?feature=oembed\" frameborder=\"0\" allow=\"accelerometer; autoplay; clipboard-write; encrypted-media; gyroscope; picture-in-picture; web-share\" referrerpolicy=\"strict-origin-when-cross-origin\" allowfullscreen><\/iframe>\n<\/div><\/figure>\n\n\n\n<div class=\"wp-block-group alignwide is-vertical is-layout-flex wp-container-core-group-is-layout-fe9cc265 wp-block-group-is-layout-flex\">\n<h2 class=\"wp-block-heading has-base-color has-text-color has-link-color wp-elements-4a50b36ba07aef5626106ecadd387d7f\">Surveillance de la respiration<\/h2>\n\n\n\n<p class=\"has-base-color has-text-color has-link-color wp-elements-a8e1b1c2462d48c182bc9d0312b8935d\" style=\"font-size:clamp(0.984rem, 0.984rem + ((1vw - 0.2rem) * 0.86), 1.5rem);\">La respiration constitue un d\u00e9fi majeur en chirurgie car elle induit une d\u00e9formation du corps. La respiration entra\u00eene un mouvement des organes et des cibles ce qui complique le travaille de guidage des instruments m\u00e9dicaux. Cette vid\u00e9o d\u00e9montre la capacit\u00e9 de PERCISIO \u00e0 surveiller efficacement la respiration.<\/p>\n<\/div>\n\n\n\n<figure class=\"wp-block-embed is-type-video is-provider-youtube wp-block-embed-youtube wp-embed-aspect-16-9 wp-has-aspect-ratio\"><div class=\"wp-block-embed__wrapper\">\n<iframe loading=\"lazy\" title=\"Monitoring Breathing\" width=\"500\" height=\"281\" src=\"https:\/\/www.youtube.com\/embed\/IW_lMfDVFwg?feature=oembed\" frameborder=\"0\" allow=\"accelerometer; autoplay; clipboard-write; encrypted-media; gyroscope; picture-in-picture; web-share\" referrerpolicy=\"strict-origin-when-cross-origin\" allowfullscreen><\/iframe>\n<\/div><\/figure>\n\n\n\n<div class=\"wp-block-group alignwide is-vertical is-layout-flex wp-container-core-group-is-layout-fe9cc265 wp-block-group-is-layout-flex\">\n<h2 class=\"wp-block-heading has-base-color has-text-color has-link-color wp-elements-96de9d433ede552d4885f440b3ace428\">Deux cam\u00e9ras<\/h2>\n\n\n\n<p class=\"has-base-color has-text-color has-link-color wp-elements-9e3c811185afb1e49100ec8d6793fd5f\" style=\"font-size:clamp(0.984rem, 0.984rem + ((1vw - 0.2rem) * 0.86), 1.5rem);\">Une configuration multi-cam\u00e9ras peut \u00eatre utile pour couvrir une surface plus large. Cette d\u00e9monstration met en \u00e9vidence la capacit\u00e9 \u00e0 fusionner les flux vid\u00e9o de deux cam\u00e9ras dans un seul ensemble de donn\u00e9es.<\/p>\n<\/div>\n\n\n\n<figure class=\"wp-block-embed is-type-video is-provider-youtube wp-block-embed-youtube wp-embed-aspect-16-9 wp-has-aspect-ratio\"><div class=\"wp-block-embed__wrapper\">\n<iframe loading=\"lazy\" title=\"Two Cameras\" width=\"500\" height=\"281\" src=\"https:\/\/www.youtube.com\/embed\/Dclvm_MGpLc?feature=oembed\" frameborder=\"0\" allow=\"accelerometer; autoplay; clipboard-write; encrypted-media; gyroscope; picture-in-picture; web-share\" referrerpolicy=\"strict-origin-when-cross-origin\" allowfullscreen><\/iframe>\n<\/div><\/figure>\n\n\n\n<div class=\"wp-block-group alignwide is-vertical is-layout-flex wp-container-core-group-is-layout-fe9cc265 wp-block-group-is-layout-flex\">\n<h2 class=\"wp-block-heading has-base-color has-text-color has-link-color wp-elements-78b28f927ee4456f71b234dfaa8fe544\">R\u00e9alit\u00e9 augment\u00e9e<\/h2>\n\n\n\n<p class=\"has-base-color has-text-color has-link-color wp-elements-b81cdb01fdb3e498137c106662b25995\" style=\"font-size:clamp(0.984rem, 0.984rem + ((1vw - 0.2rem) * 0.86), 1.5rem);\">La r\u00e9alit\u00e9 augment\u00e9e est un mode int\u00e9ressant en m\u00e9decine car il permet aux praticiens de rester concentr\u00e9s sur la proc\u00e9dure tout en recevant des informations provenant du dispositif. Cette d\u00e9monstration illustre le couplage de PERCISIO avec le casque de r\u00e9alit\u00e9 augment\u00e9e Magic Leap 2.<\/p>\n<\/div>\n\n\n\n<figure class=\"wp-block-embed is-type-video is-provider-youtube wp-block-embed-youtube wp-embed-aspect-16-9 wp-has-aspect-ratio\"><div class=\"wp-block-embed__wrapper\">\n<iframe loading=\"lazy\" title=\"Augmented Reality\" width=\"500\" height=\"281\" src=\"https:\/\/www.youtube.com\/embed\/1vS33d1PKBs?feature=oembed\" frameborder=\"0\" allow=\"accelerometer; autoplay; clipboard-write; encrypted-media; gyroscope; picture-in-picture; web-share\" referrerpolicy=\"strict-origin-when-cross-origin\" allowfullscreen><\/iframe>\n<\/div><\/figure>\n","protected":false},"excerpt":{"rendered":"<p>Pr\u00e9sentation g\u00e9n\u00e9rale Cette vid\u00e9o pr\u00e9sente le dispositif m\u00e9dical PERCISIO en mettant en avant deux \u00e9tapes cl\u00e9s : la construction de l\u2019hologramme et le d\u00e9roulement de la proc\u00e9dure. Dans cette d\u00e9monstration, nous utiliserons le fant\u00f4me abdominal de la soci\u00e9t\u00e9 CIRC. Aper\u00e7u technique Cette vid\u00e9o pr\u00e9sente les choix technologiques de PERCISIO et positionne le syst\u00e8me par rapport [&hellip;]<\/p>\n","protected":false},"author":1,"featured_media":0,"parent":0,"menu_order":0,"comment_status":"closed","ping_status":"closed","template":"","meta":{"_editorskit_title_hidden":false,"_editorskit_reading_time":0,"_editorskit_is_block_options_detached":false,"_editorskit_block_options_position":"{}","footnotes":""},"class_list":["post-588","page","type-page","status-publish","hentry"],"_links":{"self":[{"href":"https:\/\/percisio.tech\/index.php\/wp-json\/wp\/v2\/pages\/588","targetHints":{"allow":["GET"]}}],"collection":[{"href":"https:\/\/percisio.tech\/index.php\/wp-json\/wp\/v2\/pages"}],"about":[{"href":"https:\/\/percisio.tech\/index.php\/wp-json\/wp\/v2\/types\/page"}],"author":[{"embeddable":true,"href":"https:\/\/percisio.tech\/index.php\/wp-json\/wp\/v2\/users\/1"}],"replies":[{"embeddable":true,"href":"https:\/\/percisio.tech\/index.php\/wp-json\/wp\/v2\/comments?post=588"}],"version-history":[{"count":9,"href":"https:\/\/percisio.tech\/index.php\/wp-json\/wp\/v2\/pages\/588\/revisions"}],"predecessor-version":[{"id":750,"href":"https:\/\/percisio.tech\/index.php\/wp-json\/wp\/v2\/pages\/588\/revisions\/750"}],"wp:attachment":[{"href":"https:\/\/percisio.tech\/index.php\/wp-json\/wp\/v2\/media?parent=588"}],"curies":[{"name":"wp","href":"https:\/\/api.w.org\/{rel}","templated":true}]}}